{"id":26443,"date":"2025-12-02T11:14:15","date_gmt":"2025-12-02T10:14:15","guid":{"rendered":"https:\/\/pracownia.audiosfery.uwr.edu.pl\/?page_id=26443"},"modified":"2025-12-02T11:14:22","modified_gmt":"2025-12-02T10:14:22","slug":"sound-presentations","status":"publish","type":"page","link":"https:\/\/pracownia.audiosfery.uwr.edu.pl\/en\/sound-presentations\/","title":{"rendered":"Sound Presentations"},"content":{"rendered":"\n<h2 class=\"wp-block-heading alignwide\">SOUND PRESENTATIONS<\/h2>\n\n\n\n<p><\/p>\n\n\n\n<h2 class=\"wp-block-heading\">Pierre Jodlowski, <em>Passage 2016<\/em><\/h2>\n\n\n\n<figure class=\"wp-block-embed alignwide is-type-video is-provider-youtube wp-block-embed-youtube wp-embed-aspect-16-9 wp-has-aspect-ratio\"><div class=\"wp-block-embed__wrapper\">\n<iframe loading=\"lazy\" title=\"Pierre Jodlowski, Passage 2016\" width=\"500\" height=\"281\" src=\"https:\/\/www.youtube.com\/embed\/PwAPgiOames?feature=oembed\" frameborder=\"0\" allow=\"accelerometer; autoplay; clipboard-write; encrypted-media; gyroscope; picture-in-picture; web-share\" referrerpolicy=\"strict-origin-when-cross-origin\" allowfullscreen><\/iframe>\n<\/div><\/figure>\n\n\n\n<p><\/p>\n\n\n\n<h2 class=\"wp-block-heading\">Wioleta Muras, <em>Soundscapes of Basel, Switzerland, 2015<\/em><\/h2>\n\n\n\n<figure class=\"wp-block-embed alignwide is-type-video is-provider-youtube wp-block-embed-youtube wp-embed-aspect-16-9 wp-has-aspect-ratio\"><div class=\"wp-block-embed__wrapper\">\n<iframe loading=\"lazy\" title=\"Soundscape of Basel, Switzerland, 2015\" width=\"500\" height=\"281\" src=\"https:\/\/www.youtube.com\/embed\/V8NezuQGT3k?feature=oembed\" frameborder=\"0\" allow=\"accelerometer; autoplay; clipboard-write; encrypted-media; gyroscope; picture-in-picture; web-share\" referrerpolicy=\"strict-origin-when-cross-origin\" allowfullscreen><\/iframe>\n<\/div><\/figure>\n\n\n\n<p><\/p>\n\n\n\n<h2 class=\"wp-block-heading\">Kamila Sta\u015bko-Mazur, <em>\u201c<em>The noises are a different kind<\/em>\u201d<\/em><\/h2>\n\n\n\n<p>The hum of Warsaw\u2019s Trasa \u0141azienkowska can be heard from a huge distance. The echoes of passing cars reverberate through the nooks and crannies of the surrounding residential districts and parks. How does one\u2019s hearing adjust to the noise? What to do about the bothersome sounds of the city? Asking locals and passersby about the noise yielded a number of testimonies of sensitivity to Warsaw\u2019s sound environment showed that hearing is interweaved with other means of sensory perception, and that people define silence and noise in many different ways<\/p>\n\n\n\n<p><a href=\"https:\/\/soundcloud.com\/kamila-stasko-mazur\" target=\"_blank\" rel=\"noreferrer noopener\">Silent Studio<\/a> \u00b7 <a href=\"https:\/\/soundcloud.com\/kamila-stasko-mazur\/halasy-sa-innego-rodzaju\" target=\"_blank\" rel=\"noreferrer noopener\">(Tam) ha\u0142asy s\u0105 innego rodzaju<\/a><\/p>\n\n\n\n<p><\/p>\n\n\n\n<h2 class=\"wp-block-heading\">Wioleta Muras,<em> \u201cWhat\u2019s the sound around the corner?\u201d The soundscapes of private and public urban spaces<\/em><\/h2>\n\n\n\n<p>The presentation is based on field research conducted in May and June on one of Warsaw\u2019s housing estates as a part of the Archipelag D\u017awi\u0119k\u00f3w (Sound Archipelago) festival in 2015. The recordings are only a small selection of the recorded material, representing the most recognizable sound phenomena of the visited areas and presenting the different forms of urban silence and noise.<\/p>\n\n\n\n<ul class=\"wp-block-list\">\n<li><\/li>\n<\/ul>\n\n\n\n<figure class=\"wp-block-embed alignwide is-type-video is-provider-youtube wp-block-embed-youtube wp-embed-aspect-16-9 wp-has-aspect-ratio\"><div class=\"wp-block-embed__wrapper\">\n<iframe loading=\"lazy\" title=\"Osiedle Oleandr\u00f3w, Warszawa 2015\" width=\"500\" height=\"281\" src=\"https:\/\/www.youtube.com\/embed\/FNg1QvHYBs8?feature=oembed\" frameborder=\"0\" allow=\"accelerometer; autoplay; clipboard-write; encrypted-media; gyroscope; picture-in-picture; web-share\" referrerpolicy=\"strict-origin-when-cross-origin\" allowfullscreen><\/iframe>\n<\/div><\/figure>\n\n\n\n<p><\/p>\n\n\n\n<h2 class=\"wp-block-heading\">Filip Fr\u0105ckowski, <em>Bus. Zhengzhou, 2015<\/em><\/h2>\n\n\n\n<p>Buses in Zhengzhou, Henan province, PRC are a key part of the city\u2019s public transport system. They are so frequent that a schedule is not necessary. Everybody knows that between 6 AM and 11 PM a bus will come to your stop within a few minutes. Sometimes several buses of the same line come at once. The drivers are usually women.<\/p>\n\n\n\n<figure class=\"wp-block-embed alignwide is-type-video is-provider-youtube wp-block-embed-youtube wp-embed-aspect-16-9 wp-has-aspect-ratio\"><div class=\"wp-block-embed__wrapper\">\n<iframe loading=\"lazy\" title=\"AUTOBUS.  Zhengzhou, 2015\" width=\"500\" height=\"281\" src=\"https:\/\/www.youtube.com\/embed\/EfKxWyzikZg?feature=oembed\" frameborder=\"0\" allow=\"accelerometer; autoplay; clipboard-write; encrypted-media; gyroscope; picture-in-picture; web-share\" referrerpolicy=\"strict-origin-when-cross-origin\" allowfullscreen><\/iframe>\n<\/div><\/figure>\n\n\n\n<p><\/p>\n\n\n\n<h2 class=\"wp-block-heading\">Filip Fr\u0105ckowski, <em>The color of mourning. Funeral in\u00a0<em>Zhengzhou<\/em>, 3.05.2015<\/em><\/h2>\n\n\n\n<figure class=\"wp-block-embed alignwide is-type-video is-provider-youtube wp-block-embed-youtube wp-embed-aspect-4-3 wp-has-aspect-ratio\"><div class=\"wp-block-embed__wrapper\">\n<iframe loading=\"lazy\" title=\"Kolor \u017ca\u0142oby. Pogrzeb w Zhengzhou\" width=\"500\" height=\"375\" src=\"https:\/\/www.youtube.com\/embed\/UY4RWyHLFDo?feature=oembed\" frameborder=\"0\" allow=\"accelerometer; autoplay; clipboard-write; encrypted-media; gyroscope; picture-in-picture; web-share\" referrerpolicy=\"strict-origin-when-cross-origin\" allowfullscreen><\/iframe>\n<\/div><\/figure>\n\n\n\n<p><\/p>\n\n\n\n<h2 class=\"wp-block-heading\">Filip Fr\u0105ckowski <em><em>The color of mourning. Funeral in\u00a0<em>Zhengzhou<\/em>, 3.05.2015<\/em><\/em><\/h2>\n\n\n\n<p>The sounds of whipping fill Lv Chang Guang Cheng (\u201cgreen city square\u201d) in Zhengzhou, Henan province, central China. Whipping is a way to relax outdoors, keep your mind and body in shape, and meet people. Here, the practice takes place in a recreational area. However, one can also come across men whipping each other (although without bumblebees) at the square in front of the railway station. Basically, anywhere there\u2019s space.<\/p>\n\n\n\n<figure class=\"wp-block-embed alignwide is-type-video is-provider-youtube wp-block-embed-youtube wp-embed-aspect-4-3 wp-has-aspect-ratio\"><div class=\"wp-block-embed__wrapper\">\n<iframe loading=\"lazy\" title=\"Bat i b\u0105k. Zhengzhou, 21.05.2015\" width=\"500\" height=\"375\" src=\"https:\/\/www.youtube.com\/embed\/RGpwoddZlDk?feature=oembed\" frameborder=\"0\" allow=\"accelerometer; autoplay; clipboard-write; encrypted-media; gyroscope; picture-in-picture; web-share\" referrerpolicy=\"strict-origin-when-cross-origin\" allowfullscreen><\/iframe>\n<\/div><\/figure>\n\n\n\n<p><\/p>\n\n\n\n<h2 class=\"wp-block-heading\">Filip Fr\u0105ckowski <em>Playing chess. Zhengzhou, 09.06.2014<\/em><\/h2>\n\n\n\n<p>The locals in Zhengzhou (pronounced jong-joh), the capital of the Henan province, play cards, mah-jong (which looks like dominoes), and chess. Every day groups of players congregate in different places, becoming an integral part of the city\u2019s land- and soundscape.<\/p>\n\n\n\n<figure class=\"wp-block-embed alignwide is-type-video is-provider-youtube wp-block-embed-youtube wp-embed-aspect-4-3 wp-has-aspect-ratio\"><div class=\"wp-block-embed__wrapper\">\n<iframe loading=\"lazy\" title=\"Gra w szachy. Zhengzhou, 09.06.2014\" width=\"500\" height=\"375\" src=\"https:\/\/www.youtube.com\/embed\/fNHGdiVipCM?feature=oembed\" frameborder=\"0\" allow=\"accelerometer; autoplay; clipboard-write; encrypted-media; gyroscope; picture-in-picture; web-share\" referrerpolicy=\"strict-origin-when-cross-origin\" allowfullscreen><\/iframe>\n<\/div><\/figure>\n\n\n\n<p><\/p>\n\n\n\n<h2 class=\"wp-block-heading\">Interview with Professor Barry Truax led by Robert Losiak, Kamila Sta\u015bko-Mazur, Krzysztof Marciniak, S\u0142awek Wieczorek<\/h2>\n\n\n\n<figure class=\"wp-block-embed alignwide is-type-video is-provider-youtube wp-block-embed-youtube wp-embed-aspect-16-9 wp-has-aspect-ratio\"><div class=\"wp-block-embed__wrapper\">\n<iframe loading=\"lazy\" title=\"Interview with Barry Truax\" width=\"500\" height=\"281\" src=\"https:\/\/www.youtube.com\/embed\/JFuRgnqyajA?feature=oembed\" frameborder=\"0\" allow=\"accelerometer; autoplay; clipboard-write; encrypted-media; gyroscope; picture-in-picture; web-share\" referrerpolicy=\"strict-origin-when-cross-origin\" allowfullscreen><\/iframe>\n<\/div><\/figure>\n\n\n\n<p><\/p>\n\n\n\n<h2 class=\"wp-block-heading\"><\/h2>\n\n\n\n<h2 class=\"wp-block-heading\">Magdalena Szczepaniak: <em>Seattle Sound Walk<\/em><\/h2>\n\n\n\n<figure class=\"wp-block-embed alignwide is-type-video is-provider-youtube wp-block-embed-youtube wp-embed-aspect-4-3 wp-has-aspect-ratio\"><div class=\"wp-block-embed__wrapper\">\n<iframe loading=\"lazy\" title=\"Seattle: Sound Walk\" width=\"500\" height=\"375\" src=\"https:\/\/www.youtube.com\/embed\/7VPpe2-5sQ8?feature=oembed\" frameborder=\"0\" allow=\"accelerometer; autoplay; clipboard-write; encrypted-media; gyroscope; picture-in-picture; web-share\" referrerpolicy=\"strict-origin-when-cross-origin\" allowfullscreen><\/iframe>\n<\/div><\/figure>\n\n\n\n<p><\/p>\n\n\n\n<h2 class=\"wp-block-heading\">Kamila Sta\u015bko-Mazur:&nbsp;<em>Odra<\/em><\/h2>\n\n\n\n<figure class=\"wp-block-embed alignwide is-type-video is-provider-youtube wp-block-embed-youtube wp-embed-aspect-4-3 wp-has-aspect-ratio\"><div class=\"wp-block-embed__wrapper\">\n<iframe loading=\"lazy\" title=\"Odra River soundwalk\" width=\"500\" height=\"375\" src=\"https:\/\/www.youtube.com\/embed\/cpRUgb1eADo?feature=oembed\" frameborder=\"0\" allow=\"accelerometer; autoplay; clipboard-write; encrypted-media; gyroscope; picture-in-picture; web-share\" referrerpolicy=\"strict-origin-when-cross-origin\" allowfullscreen><\/iframe>\n<\/div><\/figure>\n\n\n\n<p><\/p>\n\n\n\n<h2 class=\"wp-block-heading\">Kamila Sta\u015bko-Mazur:&nbsp;<em>Lyon. I\u2019impression sonore<\/em><\/h2>\n\n\n\n<figure class=\"wp-block-embed alignwide is-type-video is-provider-youtube wp-block-embed-youtube wp-embed-aspect-16-9 wp-has-aspect-ratio\"><div class=\"wp-block-embed__wrapper\">\n<iframe loading=\"lazy\" title=\"Lyon: l&#039;impression sonore\" width=\"500\" height=\"281\" src=\"https:\/\/www.youtube.com\/embed\/hHyp_IF6PPA?feature=oembed\" frameborder=\"0\" allow=\"accelerometer; autoplay; clipboard-write; encrypted-media; gyroscope; picture-in-picture; web-share\" referrerpolicy=\"strict-origin-when-cross-origin\" allowfullscreen><\/iframe>\n<\/div><\/figure>\n","protected":false},"excerpt":{"rendered":"<p>SOUND PRESENTATIONS Pierre Jodlowski, Passage 2016 Wioleta Muras, Soundscapes of Basel, Switzerland, 2015 Kamila Sta\u015bko-Mazur, \u201cThe noises are a different kind\u201d The hum of Warsaw\u2019s Trasa \u0141azienkowska can be heard from a huge distance. The echoes of passing cars reverberate through the nooks and crannies of the surrounding residential districts and parks. How does one\u2019s [&hellip;]<\/p>\n","protected":false},"author":529,"featured_media":0,"parent":0,"menu_order":0,"comment_status":"closed","ping_status":"closed","template":"","meta":{"_acf_changed":false,"inline_featured_image":false,"site-sidebar-layout":"default","site-content-layout":"","ast-site-content-layout":"default","site-content-style":"default","site-sidebar-style":"default","ast-global-header-display":"","ast-banner-title-visibility":"","ast-main-header-display":"","ast-hfb-above-header-display":"","ast-hfb-below-header-display":"","ast-hfb-mobile-header-display":"","site-post-title":"","ast-breadcrumbs-content":"","ast-featured-img":"","footer-sml-layout":"","ast-disable-related-posts":"","theme-transparent-header-meta":"","adv-header-id-meta":"","stick-header-meta":"","header-above-stick-meta":"","header-main-stick-meta":"","header-below-stick-meta":"","astra-migrate-meta-layouts":"set","ast-page-background-enabled":"default","ast-page-background-meta":{"desktop":{"background-color":"","background-image":"","background-repeat":"repeat","background-position":"center center","background-size":"auto","background-attachment":"scroll","background-type":"","background-media":"","overlay-type":"","overlay-color":"","overlay-opacity":"","overlay-gradient":""},"tablet":{"background-color":"","background-image":"","background-repeat":"repeat","background-position":"center center","background-size":"auto","background-attachment":"scroll","background-type":"","background-media":"","overlay-type":"","overlay-color":"","overlay-opacity":"","overlay-gradient":""},"mobile":{"background-color":"","background-image":"","background-repeat":"repeat","background-position":"center center","background-size":"auto","background-attachment":"scroll","background-type":"","background-media":"","overlay-type":"","overlay-color":"","overlay-opacity":"","overlay-gradient":""}},"ast-content-background-meta":{"desktop":{"background-color":"var(--ast-global-color-5)","background-image":"","background-repeat":"repeat","background-position":"center center","background-size":"auto","background-attachment":"scroll","background-type":"","background-media":"","overlay-type":"","overlay-color":"","overlay-opacity":"","overlay-gradient":""},"tablet":{"background-color":"var(--ast-global-color-5)","background-image":"","background-repeat":"repeat","background-position":"center center","background-size":"auto","background-attachment":"scroll","background-type":"","background-media":"","overlay-type":"","overlay-color":"","overlay-opacity":"","overlay-gradient":""},"mobile":{"background-color":"var(--ast-global-color-5)","background-image":"","background-repeat":"repeat","background-position":"center center","background-size":"auto","background-attachment":"scroll","background-type":"","background-media":"","overlay-type":"","overlay-color":"","overlay-opacity":"","overlay-gradient":""}},"footnotes":""},"categories":[],"tags":[],"class_list":["post-26443","page","type-page","status-publish","hentry"],"featured_image_urls_v2":{"full":"","thumbnail":"","medium":"","medium_large":"","large":"","1536x1536":"","2048x2048":"","menu-24x24":"","menu-36x36":"","menu-48x48":""},"post_excerpt_stackable_v2":"<p>SOUND PRESENTATIONS Pierre Jodlowski, Passage 2016 Wioleta Muras, Soundscapes of Basel, Switzerland, 2015 Kamila Sta\u015bko-Mazur, \u201cThe noises are a different kind\u201d The hum of Warsaw\u2019s Trasa \u0141azienkowska can be heard from a huge distance. The echoes of passing cars reverberate through the nooks and crannies of the surrounding residential districts and parks. How does one\u2019s hearing adjust to the noise? What to do about the bothersome sounds of the city? Asking locals and passersby about the noise yielded a number of testimonies of sensitivity to Warsaw\u2019s sound environment showed that hearing is interweaved with other means of sensory perception, and&hellip;<\/p>\n","category_list_v2":"Uncategorized","author_info_v2":{"name":"swieczorek","url":"https:\/\/pracownia.audiosfery.uwr.edu.pl\/en\/author\/swieczorek\/"},"comments_num_v2":"0 comments","acf":[],"yoast_head":"<!-- This site is optimized with the Yoast SEO plugin v27.1.1 - https:\/\/yoast.com\/product\/yoast-seo-wordpress\/ -->\n<title>Sound Presentations - Pracownia Bada\u0144 Pejza\u017cu D\u017awi\u0119kowego<\/title>\n<meta name=\"robots\" content=\"index, follow, max-snippet:-1, max-image-preview:large, max-video-preview:-1\" \/>\n<link rel=\"canonical\" href=\"https:\/\/pracownia.audiosfery.uwr.edu.pl\/en\/sound-presentations\/\" \/>\n<meta property=\"og:locale\" content=\"en_US\" \/>\n<meta property=\"og:type\" content=\"article\" \/>\n<meta property=\"og:title\" content=\"Sound Presentations - Pracownia Bada\u0144 Pejza\u017cu D\u017awi\u0119kowego\" \/>\n<meta property=\"og:description\" content=\"SOUND PRESENTATIONS Pierre Jodlowski, Passage 2016 Wioleta Muras, Soundscapes of Basel, Switzerland, 2015 Kamila Sta\u015bko-Mazur, \u201cThe noises are a different kind\u201d The hum of Warsaw\u2019s Trasa \u0141azienkowska can be heard from a huge distance. The echoes of passing cars reverberate through the nooks and crannies of the surrounding residential districts and parks. How does one\u2019s [&hellip;]\" \/>\n<meta property=\"og:url\" content=\"https:\/\/pracownia.audiosfery.uwr.edu.pl\/en\/sound-presentations\/\" \/>\n<meta property=\"og:site_name\" content=\"Pracownia Bada\u0144 Pejza\u017cu D\u017awi\u0119kowego\" \/>\n<meta property=\"article:modified_time\" content=\"2025-12-02T10:14:22+00:00\" \/>\n<meta name=\"twitter:card\" content=\"summary_large_image\" \/>\n<meta name=\"twitter:label1\" content=\"Est. reading time\" \/>\n\t<meta name=\"twitter:data1\" content=\"2 minutes\" \/>\n<script type=\"application\/ld+json\" class=\"yoast-schema-graph\">{\"@context\":\"https:\/\/schema.org\",\"@graph\":[{\"@type\":\"WebPage\",\"@id\":\"https:\/\/pracownia.audiosfery.uwr.edu.pl\/en\/sound-presentations\/\",\"url\":\"https:\/\/pracownia.audiosfery.uwr.edu.pl\/en\/sound-presentations\/\",\"name\":\"Sound Presentations - Pracownia Bada\u0144 Pejza\u017cu D\u017awi\u0119kowego\",\"isPartOf\":{\"@id\":\"https:\/\/pracownia.audiosfery.uwr.edu.pl\/#website\"},\"datePublished\":\"2025-12-02T10:14:15+00:00\",\"dateModified\":\"2025-12-02T10:14:22+00:00\",\"breadcrumb\":{\"@id\":\"https:\/\/pracownia.audiosfery.uwr.edu.pl\/en\/sound-presentations\/#breadcrumb\"},\"inLanguage\":\"en-US\",\"potentialAction\":[{\"@type\":\"ReadAction\",\"target\":[\"https:\/\/pracownia.audiosfery.uwr.edu.pl\/en\/sound-presentations\/\"]}]},{\"@type\":\"BreadcrumbList\",\"@id\":\"https:\/\/pracownia.audiosfery.uwr.edu.pl\/en\/sound-presentations\/#breadcrumb\",\"itemListElement\":[{\"@type\":\"ListItem\",\"position\":1,\"name\":\"Strona g\u0142\u00f3wna\",\"item\":\"https:\/\/pracownia.audiosfery.uwr.edu.pl\/en\/\"},{\"@type\":\"ListItem\",\"position\":2,\"name\":\"Sound Presentations\"}]},{\"@type\":\"WebSite\",\"@id\":\"https:\/\/pracownia.audiosfery.uwr.edu.pl\/#website\",\"url\":\"https:\/\/pracownia.audiosfery.uwr.edu.pl\/\",\"name\":\"Pracownia Bada\u0144 Pejza\u017cu D\u017awi\u0119kowego\",\"description\":\"Kolejna witryna sieci \u201eUWR Witryny\u201d\",\"publisher\":{\"@id\":\"https:\/\/pracownia.audiosfery.uwr.edu.pl\/#organization\"},\"potentialAction\":[{\"@type\":\"SearchAction\",\"target\":{\"@type\":\"EntryPoint\",\"urlTemplate\":\"https:\/\/pracownia.audiosfery.uwr.edu.pl\/?s={search_term_string}\"},\"query-input\":{\"@type\":\"PropertyValueSpecification\",\"valueRequired\":true,\"valueName\":\"search_term_string\"}}],\"inLanguage\":\"en-US\"},{\"@type\":\"Organization\",\"@id\":\"https:\/\/pracownia.audiosfery.uwr.edu.pl\/#organization\",\"name\":\"Pracownia Bada\u0144 Pejza\u017cu D\u017awi\u0119kowego\",\"url\":\"https:\/\/pracownia.audiosfery.uwr.edu.pl\/\",\"logo\":{\"@type\":\"ImageObject\",\"inLanguage\":\"en-US\",\"@id\":\"https:\/\/pracownia.audiosfery.uwr.edu.pl\/#\/schema\/logo\/image\/\",\"url\":\"https:\/\/pracownia.audiosfery.uwr.edu.pl\/wp-content\/uploads\/sites\/802\/2025\/10\/UWr-logotyp-2025.png\",\"contentUrl\":\"https:\/\/pracownia.audiosfery.uwr.edu.pl\/wp-content\/uploads\/sites\/802\/2025\/10\/UWr-logotyp-2025.png\",\"width\":764,\"height\":269,\"caption\":\"Pracownia Bada\u0144 Pejza\u017cu D\u017awi\u0119kowego\"},\"image\":{\"@id\":\"https:\/\/pracownia.audiosfery.uwr.edu.pl\/#\/schema\/logo\/image\/\"}}]}<\/script>\n<!-- \/ Yoast SEO plugin. -->","yoast_head_json":{"title":"Sound Presentations - Pracownia Bada\u0144 Pejza\u017cu D\u017awi\u0119kowego","robots":{"index":"index","follow":"follow","max-snippet":"max-snippet:-1","max-image-preview":"max-image-preview:large","max-video-preview":"max-video-preview:-1"},"canonical":"https:\/\/pracownia.audiosfery.uwr.edu.pl\/en\/sound-presentations\/","og_locale":"en_US","og_type":"article","og_title":"Sound Presentations - Pracownia Bada\u0144 Pejza\u017cu D\u017awi\u0119kowego","og_description":"SOUND PRESENTATIONS Pierre Jodlowski, Passage 2016 Wioleta Muras, Soundscapes of Basel, Switzerland, 2015 Kamila Sta\u015bko-Mazur, \u201cThe noises are a different kind\u201d The hum of Warsaw\u2019s Trasa \u0141azienkowska can be heard from a huge distance. The echoes of passing cars reverberate through the nooks and crannies of the surrounding residential districts and parks. How does one\u2019s [&hellip;]","og_url":"https:\/\/pracownia.audiosfery.uwr.edu.pl\/en\/sound-presentations\/","og_site_name":"Pracownia Bada\u0144 Pejza\u017cu D\u017awi\u0119kowego","article_modified_time":"2025-12-02T10:14:22+00:00","twitter_card":"summary_large_image","twitter_misc":{"Est. reading time":"2 minutes"},"schema":{"@context":"https:\/\/schema.org","@graph":[{"@type":"WebPage","@id":"https:\/\/pracownia.audiosfery.uwr.edu.pl\/en\/sound-presentations\/","url":"https:\/\/pracownia.audiosfery.uwr.edu.pl\/en\/sound-presentations\/","name":"Sound Presentations - Pracownia Bada\u0144 Pejza\u017cu D\u017awi\u0119kowego","isPartOf":{"@id":"https:\/\/pracownia.audiosfery.uwr.edu.pl\/#website"},"datePublished":"2025-12-02T10:14:15+00:00","dateModified":"2025-12-02T10:14:22+00:00","breadcrumb":{"@id":"https:\/\/pracownia.audiosfery.uwr.edu.pl\/en\/sound-presentations\/#breadcrumb"},"inLanguage":"en-US","potentialAction":[{"@type":"ReadAction","target":["https:\/\/pracownia.audiosfery.uwr.edu.pl\/en\/sound-presentations\/"]}]},{"@type":"BreadcrumbList","@id":"https:\/\/pracownia.audiosfery.uwr.edu.pl\/en\/sound-presentations\/#breadcrumb","itemListElement":[{"@type":"ListItem","position":1,"name":"Strona g\u0142\u00f3wna","item":"https:\/\/pracownia.audiosfery.uwr.edu.pl\/en\/"},{"@type":"ListItem","position":2,"name":"Sound Presentations"}]},{"@type":"WebSite","@id":"https:\/\/pracownia.audiosfery.uwr.edu.pl\/#website","url":"https:\/\/pracownia.audiosfery.uwr.edu.pl\/","name":"Pracownia Bada\u0144 Pejza\u017cu D\u017awi\u0119kowego","description":"Kolejna witryna sieci \u201eUWR Witryny\u201d","publisher":{"@id":"https:\/\/pracownia.audiosfery.uwr.edu.pl\/#organization"},"potentialAction":[{"@type":"SearchAction","target":{"@type":"EntryPoint","urlTemplate":"https:\/\/pracownia.audiosfery.uwr.edu.pl\/?s={search_term_string}"},"query-input":{"@type":"PropertyValueSpecification","valueRequired":true,"valueName":"search_term_string"}}],"inLanguage":"en-US"},{"@type":"Organization","@id":"https:\/\/pracownia.audiosfery.uwr.edu.pl\/#organization","name":"Pracownia Bada\u0144 Pejza\u017cu D\u017awi\u0119kowego","url":"https:\/\/pracownia.audiosfery.uwr.edu.pl\/","logo":{"@type":"ImageObject","inLanguage":"en-US","@id":"https:\/\/pracownia.audiosfery.uwr.edu.pl\/#\/schema\/logo\/image\/","url":"https:\/\/pracownia.audiosfery.uwr.edu.pl\/wp-content\/uploads\/sites\/802\/2025\/10\/UWr-logotyp-2025.png","contentUrl":"https:\/\/pracownia.audiosfery.uwr.edu.pl\/wp-content\/uploads\/sites\/802\/2025\/10\/UWr-logotyp-2025.png","width":764,"height":269,"caption":"Pracownia Bada\u0144 Pejza\u017cu D\u017awi\u0119kowego"},"image":{"@id":"https:\/\/pracownia.audiosfery.uwr.edu.pl\/#\/schema\/logo\/image\/"}}]}},"publishpress_future_action":{"enabled":false,"date":"2026-04-20 07:34:20","action":"change-status","newStatus":"draft","terms":[],"taxonomy":"category","extraData":[]},"publishpress_future_workflow_manual_trigger":{"enabledWorkflows":[]},"_links":{"self":[{"href":"https:\/\/pracownia.audiosfery.uwr.edu.pl\/en\/wp-json\/wp\/v2\/pages\/26443\/"}],"collection":[{"href":"https:\/\/pracownia.audiosfery.uwr.edu.pl\/en\/wp-json\/wp\/v2\/pages\/"}],"about":[{"href":"https:\/\/pracownia.audiosfery.uwr.edu.pl\/en\/wp-json\/wp\/v2\/types\/page\/"}],"author":[{"embeddable":true,"href":"https:\/\/pracownia.audiosfery.uwr.edu.pl\/en\/wp-json\/wp\/v2\/users\/529\/"}],"replies":[{"embeddable":true,"href":"https:\/\/pracownia.audiosfery.uwr.edu.pl\/en\/wp-json\/wp\/v2\/comments\/?post=26443"}],"version-history":[{"count":1,"href":"https:\/\/pracownia.audiosfery.uwr.edu.pl\/en\/wp-json\/wp\/v2\/pages\/26443\/revisions\/"}],"predecessor-version":[{"id":26446,"href":"https:\/\/pracownia.audiosfery.uwr.edu.pl\/en\/wp-json\/wp\/v2\/pages\/26443\/revisions\/26446\/"}],"wp:attachment":[{"href":"https:\/\/pracownia.audiosfery.uwr.edu.pl\/en\/wp-json\/wp\/v2\/media\/?parent=26443"}],"wp:term":[{"taxonomy":"category","embeddable":true,"href":"https:\/\/pracownia.audiosfery.uwr.edu.pl\/en\/wp-json\/wp\/v2\/categories\/?post=26443"},{"taxonomy":"post_tag","embeddable":true,"href":"https:\/\/pracownia.audiosfery.uwr.edu.pl\/en\/wp-json\/wp\/v2\/tags\/?post=26443"}],"curies":[{"name":"wp","href":"https:\/\/api.w.org\/{rel}","templated":true}]}}