{"id":26341,"date":"2025-12-01T20:18:26","date_gmt":"2025-12-01T19:18:26","guid":{"rendered":"https:\/\/pracownia.audiosfery.uwr.edu.pl\/?page_id=26341"},"modified":"2025-12-02T11:14:41","modified_gmt":"2025-12-02T10:14:41","slug":"recordings","status":"publish","type":"page","link":"https:\/\/pracownia.audiosfery.uwr.edu.pl\/en\/recordings\/","title":{"rendered":"Recordings"},"content":{"rendered":"\n<h2 class=\"wp-block-heading\">RECORDINGS<\/h2>\n\n\n\n<p><strong><a href=\"https:\/\/pracownia.audiosfery.uwr.edu.pl\/mapa-dzwiekowa-wroclawia\/\">THE SOUND MAP OF WROC\u0141AW<\/a> <\/strong>is being created from field recordings conducted by the Soundscape Research Studio beginning in October 2011. The database is archived in the Library of Cultural Studies and Musicology of the University of Wroc\u0142aw, and contains sound files complete with photographic documentation, descriptions, and commentaries. Two types of stereophonic digital recording devices are used for the recordings: ZOOM H4n and Tascam DR-100 with internal microphones, in the WAV 24 bit\/ 44.1 kHz format.<\/p>\n\n\n\n<p>The recordings located on the Map present various areas of the city and characteristic sound situations chosen from the sound database. They are shortened to around 1-2 minutes, and compressed into MP3s. The commentary is restricted to the title of the recording and basic information about the place, time, and atmospheric conditions. Most of the examples come with photos taken at the recording locations. The material presented on the Map will be successively expanded, and by 2014 we plan to have the entire database of Wroc\u0142aw field recordings, archived on CD-ROMs, available in the Library of Cultural Studies and Musicology of the University of Wroc\u0142aw.<\/p>\n\n\n\n<h2 class=\"wp-block-heading\"><\/h2>\n\n\n\n<p><strong><a href=\"https:\/\/pracownia.audiosfery.uwr.edu.pl\/en\/sound-presentations\/\">THE SOUND PRESENTATIONS<\/a><\/strong><\/p>\n\n\n\n<p><\/p>\n\n\n\n<p><\/p>\n\n\n\n<p><\/p>\n","protected":false},"excerpt":{"rendered":"<p>RECORDINGS THE SOUND MAP OF WROC\u0141AW is being created from field recordings conducted by the Soundscape Research Studio beginning in October 2011. The database is archived in the Library of Cultural Studies and Musicology of the University of Wroc\u0142aw, and contains sound files complete with photographic documentation, descriptions, and commentaries. Two types of stereophonic digital [&hellip;]<\/p>\n","protected":false},"author":529,"featured_media":0,"parent":0,"menu_order":0,"comment_status":"closed","ping_status":"closed","template":"","meta":{"_acf_changed":false,"inline_featured_image":false,"site-sidebar-layout":"default","site-content-layout":"","ast-site-content-layout":"default","site-content-style":"default","site-sidebar-style":"default","ast-global-header-display":"","ast-banner-title-visibility":"","ast-main-header-display":"","ast-hfb-above-header-display":"","ast-hfb-below-header-display":"","ast-hfb-mobile-header-display":"","site-post-title":"","ast-breadcrumbs-content":"","ast-featured-img":"","footer-sml-layout":"","ast-disable-related-posts":"","theme-transparent-header-meta":"","adv-header-id-meta":"","stick-header-meta":"","header-above-stick-meta":"","header-main-stick-meta":"","header-below-stick-meta":"","astra-migrate-meta-layouts":"set","ast-page-background-enabled":"default","ast-page-background-meta":{"desktop":{"background-color":"","background-image":"","background-repeat":"repeat","background-position":"center center","background-size":"auto","background-attachment":"scroll","background-type":"","background-media":"","overlay-type":"","overlay-color":"","overlay-opacity":"","overlay-gradient":""},"tablet":{"background-color":"","background-image":"","background-repeat":"repeat","background-position":"center center","background-size":"auto","background-attachment":"scroll","background-type":"","background-media":"","overlay-type":"","overlay-color":"","overlay-opacity":"","overlay-gradient":""},"mobile":{"background-color":"","background-image":"","background-repeat":"repeat","background-position":"center center","background-size":"auto","background-attachment":"scroll","background-type":"","background-media":"","overlay-type":"","overlay-color":"","overlay-opacity":"","overlay-gradient":""}},"ast-content-background-meta":{"desktop":{"background-color":"var(--ast-global-color-5)","background-image":"","background-repeat":"repeat","background-position":"center center","background-size":"auto","background-attachment":"scroll","background-type":"","background-media":"","overlay-type":"","overlay-color":"","overlay-opacity":"","overlay-gradient":""},"tablet":{"background-color":"var(--ast-global-color-5)","background-image":"","background-repeat":"repeat","background-position":"center center","background-size":"auto","background-attachment":"scroll","background-type":"","background-media":"","overlay-type":"","overlay-color":"","overlay-opacity":"","overlay-gradient":""},"mobile":{"background-color":"var(--ast-global-color-5)","background-image":"","background-repeat":"repeat","background-position":"center center","background-size":"auto","background-attachment":"scroll","background-type":"","background-media":"","overlay-type":"","overlay-color":"","overlay-opacity":"","overlay-gradient":""}},"footnotes":""},"categories":[],"tags":[],"class_list":["post-26341","page","type-page","status-publish","hentry"],"featured_image_urls_v2":{"full":"","thumbnail":"","medium":"","medium_large":"","large":"","1536x1536":"","2048x2048":"","menu-24x24":"","menu-36x36":"","menu-48x48":""},"post_excerpt_stackable_v2":"<p>RECORDINGS THE SOUND MAP OF WROC\u0141AW is being created from field recordings conducted by the Soundscape Research Studio beginning in October 2011. The database is archived in the Library of Cultural Studies and Musicology of the University of Wroc\u0142aw, and contains sound files complete with photographic documentation, descriptions, and commentaries. Two types of stereophonic digital recording devices are used for the recordings: ZOOM H4n and Tascam DR-100 with internal microphones, in the WAV 24 bit\/ 44.1 kHz format. The recordings located on the Map present various areas of the city and characteristic sound situations chosen from the sound database. They&hellip;<\/p>\n","category_list_v2":"Uncategorized","author_info_v2":{"name":"swieczorek","url":"https:\/\/pracownia.audiosfery.uwr.edu.pl\/en\/author\/swieczorek\/"},"comments_num_v2":"0 comments","acf":[],"yoast_head":"<!-- This site is optimized with the Yoast SEO plugin v27.1.1 - https:\/\/yoast.com\/product\/yoast-seo-wordpress\/ -->\n<title>Recordings - Pracownia Bada\u0144 Pejza\u017cu D\u017awi\u0119kowego<\/title>\n<meta name=\"robots\" content=\"index, follow, max-snippet:-1, max-image-preview:large, max-video-preview:-1\" \/>\n<link rel=\"canonical\" href=\"https:\/\/pracownia.audiosfery.uwr.edu.pl\/en\/recordings\/\" \/>\n<meta property=\"og:locale\" content=\"en_US\" \/>\n<meta property=\"og:type\" content=\"article\" \/>\n<meta property=\"og:title\" content=\"Recordings - Pracownia Bada\u0144 Pejza\u017cu D\u017awi\u0119kowego\" \/>\n<meta property=\"og:description\" content=\"RECORDINGS THE SOUND MAP OF WROC\u0141AW is being created from field recordings conducted by the Soundscape Research Studio beginning in October 2011. The database is archived in the Library of Cultural Studies and Musicology of the University of Wroc\u0142aw, and contains sound files complete with photographic documentation, descriptions, and commentaries. Two types of stereophonic digital [&hellip;]\" \/>\n<meta property=\"og:url\" content=\"https:\/\/pracownia.audiosfery.uwr.edu.pl\/en\/recordings\/\" \/>\n<meta property=\"og:site_name\" content=\"Pracownia Bada\u0144 Pejza\u017cu D\u017awi\u0119kowego\" \/>\n<meta property=\"article:modified_time\" content=\"2025-12-02T10:14:41+00:00\" \/>\n<meta name=\"twitter:card\" content=\"summary_large_image\" \/>\n<meta name=\"twitter:label1\" content=\"Est. reading time\" \/>\n\t<meta name=\"twitter:data1\" content=\"1 minute\" \/>\n<script type=\"application\/ld+json\" class=\"yoast-schema-graph\">{\"@context\":\"https:\/\/schema.org\",\"@graph\":[{\"@type\":\"WebPage\",\"@id\":\"https:\/\/pracownia.audiosfery.uwr.edu.pl\/en\/recordings\/\",\"url\":\"https:\/\/pracownia.audiosfery.uwr.edu.pl\/en\/recordings\/\",\"name\":\"Recordings - Pracownia Bada\u0144 Pejza\u017cu D\u017awi\u0119kowego\",\"isPartOf\":{\"@id\":\"https:\/\/pracownia.audiosfery.uwr.edu.pl\/#website\"},\"datePublished\":\"2025-12-01T19:18:26+00:00\",\"dateModified\":\"2025-12-02T10:14:41+00:00\",\"breadcrumb\":{\"@id\":\"https:\/\/pracownia.audiosfery.uwr.edu.pl\/en\/recordings\/#breadcrumb\"},\"inLanguage\":\"en-US\",\"potentialAction\":[{\"@type\":\"ReadAction\",\"target\":[\"https:\/\/pracownia.audiosfery.uwr.edu.pl\/en\/recordings\/\"]}]},{\"@type\":\"BreadcrumbList\",\"@id\":\"https:\/\/pracownia.audiosfery.uwr.edu.pl\/en\/recordings\/#breadcrumb\",\"itemListElement\":[{\"@type\":\"ListItem\",\"position\":1,\"name\":\"Strona g\u0142\u00f3wna\",\"item\":\"https:\/\/pracownia.audiosfery.uwr.edu.pl\/en\/\"},{\"@type\":\"ListItem\",\"position\":2,\"name\":\"Recordings\"}]},{\"@type\":\"WebSite\",\"@id\":\"https:\/\/pracownia.audiosfery.uwr.edu.pl\/#website\",\"url\":\"https:\/\/pracownia.audiosfery.uwr.edu.pl\/\",\"name\":\"Pracownia Bada\u0144 Pejza\u017cu D\u017awi\u0119kowego\",\"description\":\"Kolejna witryna sieci \u201eUWR Witryny\u201d\",\"publisher\":{\"@id\":\"https:\/\/pracownia.audiosfery.uwr.edu.pl\/#organization\"},\"potentialAction\":[{\"@type\":\"SearchAction\",\"target\":{\"@type\":\"EntryPoint\",\"urlTemplate\":\"https:\/\/pracownia.audiosfery.uwr.edu.pl\/?s={search_term_string}\"},\"query-input\":{\"@type\":\"PropertyValueSpecification\",\"valueRequired\":true,\"valueName\":\"search_term_string\"}}],\"inLanguage\":\"en-US\"},{\"@type\":\"Organization\",\"@id\":\"https:\/\/pracownia.audiosfery.uwr.edu.pl\/#organization\",\"name\":\"Pracownia Bada\u0144 Pejza\u017cu D\u017awi\u0119kowego\",\"url\":\"https:\/\/pracownia.audiosfery.uwr.edu.pl\/\",\"logo\":{\"@type\":\"ImageObject\",\"inLanguage\":\"en-US\",\"@id\":\"https:\/\/pracownia.audiosfery.uwr.edu.pl\/#\/schema\/logo\/image\/\",\"url\":\"https:\/\/pracownia.audiosfery.uwr.edu.pl\/wp-content\/uploads\/sites\/802\/2025\/10\/UWr-logotyp-2025.png\",\"contentUrl\":\"https:\/\/pracownia.audiosfery.uwr.edu.pl\/wp-content\/uploads\/sites\/802\/2025\/10\/UWr-logotyp-2025.png\",\"width\":764,\"height\":269,\"caption\":\"Pracownia Bada\u0144 Pejza\u017cu D\u017awi\u0119kowego\"},\"image\":{\"@id\":\"https:\/\/pracownia.audiosfery.uwr.edu.pl\/#\/schema\/logo\/image\/\"}}]}<\/script>\n<!-- \/ Yoast SEO plugin. -->","yoast_head_json":{"title":"Recordings - Pracownia Bada\u0144 Pejza\u017cu D\u017awi\u0119kowego","robots":{"index":"index","follow":"follow","max-snippet":"max-snippet:-1","max-image-preview":"max-image-preview:large","max-video-preview":"max-video-preview:-1"},"canonical":"https:\/\/pracownia.audiosfery.uwr.edu.pl\/en\/recordings\/","og_locale":"en_US","og_type":"article","og_title":"Recordings - Pracownia Bada\u0144 Pejza\u017cu D\u017awi\u0119kowego","og_description":"RECORDINGS THE SOUND MAP OF WROC\u0141AW is being created from field recordings conducted by the Soundscape Research Studio beginning in October 2011. The database is archived in the Library of Cultural Studies and Musicology of the University of Wroc\u0142aw, and contains sound files complete with photographic documentation, descriptions, and commentaries. Two types of stereophonic digital [&hellip;]","og_url":"https:\/\/pracownia.audiosfery.uwr.edu.pl\/en\/recordings\/","og_site_name":"Pracownia Bada\u0144 Pejza\u017cu D\u017awi\u0119kowego","article_modified_time":"2025-12-02T10:14:41+00:00","twitter_card":"summary_large_image","twitter_misc":{"Est. reading time":"1 minute"},"schema":{"@context":"https:\/\/schema.org","@graph":[{"@type":"WebPage","@id":"https:\/\/pracownia.audiosfery.uwr.edu.pl\/en\/recordings\/","url":"https:\/\/pracownia.audiosfery.uwr.edu.pl\/en\/recordings\/","name":"Recordings - Pracownia Bada\u0144 Pejza\u017cu D\u017awi\u0119kowego","isPartOf":{"@id":"https:\/\/pracownia.audiosfery.uwr.edu.pl\/#website"},"datePublished":"2025-12-01T19:18:26+00:00","dateModified":"2025-12-02T10:14:41+00:00","breadcrumb":{"@id":"https:\/\/pracownia.audiosfery.uwr.edu.pl\/en\/recordings\/#breadcrumb"},"inLanguage":"en-US","potentialAction":[{"@type":"ReadAction","target":["https:\/\/pracownia.audiosfery.uwr.edu.pl\/en\/recordings\/"]}]},{"@type":"BreadcrumbList","@id":"https:\/\/pracownia.audiosfery.uwr.edu.pl\/en\/recordings\/#breadcrumb","itemListElement":[{"@type":"ListItem","position":1,"name":"Strona g\u0142\u00f3wna","item":"https:\/\/pracownia.audiosfery.uwr.edu.pl\/en\/"},{"@type":"ListItem","position":2,"name":"Recordings"}]},{"@type":"WebSite","@id":"https:\/\/pracownia.audiosfery.uwr.edu.pl\/#website","url":"https:\/\/pracownia.audiosfery.uwr.edu.pl\/","name":"Pracownia Bada\u0144 Pejza\u017cu D\u017awi\u0119kowego","description":"Kolejna witryna sieci \u201eUWR Witryny\u201d","publisher":{"@id":"https:\/\/pracownia.audiosfery.uwr.edu.pl\/#organization"},"potentialAction":[{"@type":"SearchAction","target":{"@type":"EntryPoint","urlTemplate":"https:\/\/pracownia.audiosfery.uwr.edu.pl\/?s={search_term_string}"},"query-input":{"@type":"PropertyValueSpecification","valueRequired":true,"valueName":"search_term_string"}}],"inLanguage":"en-US"},{"@type":"Organization","@id":"https:\/\/pracownia.audiosfery.uwr.edu.pl\/#organization","name":"Pracownia Bada\u0144 Pejza\u017cu D\u017awi\u0119kowego","url":"https:\/\/pracownia.audiosfery.uwr.edu.pl\/","logo":{"@type":"ImageObject","inLanguage":"en-US","@id":"https:\/\/pracownia.audiosfery.uwr.edu.pl\/#\/schema\/logo\/image\/","url":"https:\/\/pracownia.audiosfery.uwr.edu.pl\/wp-content\/uploads\/sites\/802\/2025\/10\/UWr-logotyp-2025.png","contentUrl":"https:\/\/pracownia.audiosfery.uwr.edu.pl\/wp-content\/uploads\/sites\/802\/2025\/10\/UWr-logotyp-2025.png","width":764,"height":269,"caption":"Pracownia Bada\u0144 Pejza\u017cu D\u017awi\u0119kowego"},"image":{"@id":"https:\/\/pracownia.audiosfery.uwr.edu.pl\/#\/schema\/logo\/image\/"}}]}},"publishpress_future_action":{"enabled":false,"date":"2026-04-20 05:42:44","action":"change-status","newStatus":"draft","terms":[],"taxonomy":"category","extraData":[]},"publishpress_future_workflow_manual_trigger":{"enabledWorkflows":[]},"_links":{"self":[{"href":"https:\/\/pracownia.audiosfery.uwr.edu.pl\/en\/wp-json\/wp\/v2\/pages\/26341\/"}],"collection":[{"href":"https:\/\/pracownia.audiosfery.uwr.edu.pl\/en\/wp-json\/wp\/v2\/pages\/"}],"about":[{"href":"https:\/\/pracownia.audiosfery.uwr.edu.pl\/en\/wp-json\/wp\/v2\/types\/page\/"}],"author":[{"embeddable":true,"href":"https:\/\/pracownia.audiosfery.uwr.edu.pl\/en\/wp-json\/wp\/v2\/users\/529\/"}],"replies":[{"embeddable":true,"href":"https:\/\/pracownia.audiosfery.uwr.edu.pl\/en\/wp-json\/wp\/v2\/comments\/?post=26341"}],"version-history":[{"count":2,"href":"https:\/\/pracownia.audiosfery.uwr.edu.pl\/en\/wp-json\/wp\/v2\/pages\/26341\/revisions\/"}],"predecessor-version":[{"id":26449,"href":"https:\/\/pracownia.audiosfery.uwr.edu.pl\/en\/wp-json\/wp\/v2\/pages\/26341\/revisions\/26449\/"}],"wp:attachment":[{"href":"https:\/\/pracownia.audiosfery.uwr.edu.pl\/en\/wp-json\/wp\/v2\/media\/?parent=26341"}],"wp:term":[{"taxonomy":"category","embeddable":true,"href":"https:\/\/pracownia.audiosfery.uwr.edu.pl\/en\/wp-json\/wp\/v2\/categories\/?post=26341"},{"taxonomy":"post_tag","embeddable":true,"href":"https:\/\/pracownia.audiosfery.uwr.edu.pl\/en\/wp-json\/wp\/v2\/tags\/?post=26341"}],"curies":[{"name":"wp","href":"https:\/\/api.w.org\/{rel}","templated":true}]}}