{"id":26323,"date":"2025-12-01T20:13:15","date_gmt":"2025-12-01T19:13:15","guid":{"rendered":"https:\/\/pracownia.audiosfery.uwr.edu.pl\/?page_id=26323"},"modified":"2025-12-02T10:49:19","modified_gmt":"2025-12-02T09:49:19","slug":"research-projects","status":"publish","type":"page","link":"https:\/\/pracownia.audiosfery.uwr.edu.pl\/en\/research-projects\/","title":{"rendered":"Research Projects"},"content":{"rendered":"\n<h1 class=\"wp-block-heading alignwide\">RESEARCH PROJECTS<\/h1>\n\n\n\n<ol class=\"wp-block-list\">\n<li>The Soundscape of Wroc\u0142aw: Research on the Acoustic Environment of a Central European City<\/li>\n\n\n\n<li>The Soundscapes of Wroc\u0142aw and Lviv: Comparative Studies<\/li>\n\n\n\n<li>The Alternative Sound Guide to Dzier\u017coni\u00f3w<\/li>\n\n\n\n<li>The Axiosemiotics of Sheet Music<\/li>\n<\/ol>\n\n\n\n<p><strong>The Soundscape of Wroc\u0142aw: Research on the Acoustic Environment of a Central European City<\/strong><\/p>\n\n\n\n<p>\u201cThe Soundscape of Wroc\u0142aw\u201d was first such a comprehensive study of soundscape conducted so far in Poland.&nbsp; The results of the research are \u2013 the monographic book edited by Robert Losiak and Renata Ta\u0144czuk, the archive and the sound map. The project was realized from 2011 to 2014 by a multi-disciplinary research group that included culture scholars and musicologists from the Studio as well as invited scholars \u2013 for example an ethnomusicologist and a historian. However, the history of the studies goes back to 2004 when Robert Losiak started his research on soundscapes of Wroc\u0142aw.<\/p>\n\n\n\n<p>The methodological approach of \u201cThe Sounds of Wroc\u0142aw\u201d project has at least three key sources: the critical reinterpretation of the ideas introduced by Raymond Murray Schafer, the achievements of contemporary sound studies and the theory of culture proposed by the scholars from the Institute of Cultural Studies in Wroc\u0142aw. We believe that the studies of soundscape should be multidimensional that\u2019s why our research on Wroc\u0142aw\u2019s soundscapes consisted of three equivalent parts: a descriptive study and an audio documentation of the sonic environment of the city, a characterization of the sonic artefacts of Wroc\u0142aw, and a reception study of the soundscapes of Wroc\u0142aw based on qualitative research methods.<\/p>\n\n\n\n<p><strong>The Soundscapes of Wroc\u0142aw and Lviv: Comparative Studies<\/strong><\/p>\n\n\n\n<p>The comparative study of the soundscapes of Wroc\u0142aw and Lviv took place and 2010 and was conducted in cooperation between the University of Wroc\u0142aw and the Ivan Franko National University of Lviv. Its aim was for Polish and Ukrainian to perform a comparative study of the soundscapes of Wroc\u0142aw and Lviv within the context of the partnership between the cities. The overarching goal was to define the sonic characteristics of Wroc\u0142aw and Lviv with particular emphasis on the similarities and differences between them stemming from cultural, civilizational, geographical, and natural differences. The method selected was auditive field research on each city\u2019s soundscape conducted in parallel by visiting researchers from the partner city. The research objective was defined as searching for sonically intriguing spaces, sound signals, soundmarks, and paying attention to sonic similarities and differences from the point of view of an out-of-towner unfamiliar with the local soundscape. This included making photographic, written, and video documentation. Creating maps for sound walks around both cities was also planned. The project was complemented with pilot surveys among students of the universities in Wroc\u0142aw and Lviv on their reception of their cities\u2019 soundscapes. The project succeeded partially \u2013 only the research in Lviv, performed between 2011 and 2014 by Robert Losiak, took place. In addition to the numerous recordings and descriptions, the project resulted in an article by R. Losiak, titled <em>Audiosfera miast. Projekt bada\u0144 por\u00f3wnawczych Wroc\u0142awia i Lwowa<\/em> (<em>City soundscapes. A proposal for a comparative study of Wroc\u0142aw and Lviv<\/em>). It was published in the Ukraine (\u0412\u0456\u0441\u043d\u0438\u043a \u041b\u044c\u0432\u0456\u0432\u0441\u044c\u043a\u043e\u0433\u043e \u0443\u043d\u0456\u0432\u0435\u0440\u0441\u0438\u0442\u0435\u0442\u0443. \u0421\u0435\u0440\u0456\u044f \u043c\u0438\u0441\u0442\u0435\u0446\u0442\u0432\u043e\u0437\u043d\u0430\u0432\u0441\u0442\u0432\u043e. \u0412\u0438\u043f. 14, \u041b\u044c\u0432\u0456\u0432, 2014) and Poland (I. Topp, P.J. Fere\u0144ski (eds.), Dialogi uniwersyteckie: O nauce, tradycji i przysz\u0142o\u015bci w wielokulturowym \u015bwiecie, Wroc\u0142aw 2014). The results were also presented during university lectures and academic conferences in Wroc\u0142aw (2012) and Lviv (2011, 2015).<\/p>\n\n\n\n<p><strong>&nbsp;An Alternative Sound Guide to Dzier\u017coni\u00f3w<\/strong><\/p>\n\n\n\n<p>The research aimed at creating an alternative sound guide to Dzier\u017coni\u00f3w took place in 2014 as a part of the \u201cArt in the space of culture\u201d course taught as a part of the cultural studies major at the University of Wroc\u0142aw by Robert Losiak. Working on the guide was a cognitive experiment within the context of urban soundscape research, which is why the guide is referred to as \u201calternative\u201d. The idea behind the guide was to stay open to the city\u2019s soundscape and avoid limiting the search to the sonic environment understood as a real space, but rather to refer to all sonic (and musical) artifacts which are in some way associated with Dzier\u017coni\u00f3w and are present in the broadly understood media and culture. The task of the student research group was to penetrate all (including the small and ephemeral) sonic phenomena in selected areas of the city, which included both public spaces and the media (radio, television, newspapers, the internet). Project artifacts include archived sound recordings, photos, and written analyses on selected topics, such as the bells of Dzier\u017coni\u00f3w, the sounds of the train station, the soundscape of a local park, the soundscape of churches, the soundscape of selected caf\u00e9s and restaurants, sound descriptions of selected streets in the city center, cemeteries, the local Radio Sudety, as well as of websites about Dzier\u017coni\u00f3w (such as the city\u2019s official website and the websites of the local community center and music school). The project also resulted in an article published in Prace Kulturoznawcze XVII (Wroc\u0142aw 2015) by R. Losiak: <em>Przewodniki d\u017awi\u0119kowe w kontek\u015bcie <\/em>soundscape studies. <em>W stron\u0119 koncepcji alternatywnego przewodnika d\u017awi\u0119kowego Dzier\u017coniowa <\/em>(<em>Sound guides in the context of soundscape studies. Towards an alternative audio guide to Dzier\u017coni\u00f3w<\/em>). Although the research project has not yielded the expected result of publishing an accessible sound guide to Dzier\u017coni\u00f3w, one may be published in the future, perhaps as a part of the planned research on the soundscape of Lower Silesia.<\/p>\n\n\n\n<p><strong>The Axiosemiotics of Sheet Music<\/strong><\/p>\n\n\n\n<p>The goal of the project is to document Polish sheet music from the 19th and 20th centuries and analyze their iconic layer as a representation of music and lyrics and a form of advertising. We look at sheet music as a medium of meaning and values which, when analyzed, uncovers the changes in aesthetic and musical preferences, as well as the reception of ideas of gender, national identity, and foreign cultures. The planned result is a database of Polish sheet music from the aforementioned period and an academic publication summarizing the research.<\/p>\n","protected":false},"excerpt":{"rendered":"<p>RESEARCH PROJECTS The Soundscape of Wroc\u0142aw: Research on the Acoustic Environment of a Central European City \u201cThe Soundscape of Wroc\u0142aw\u201d was first such a comprehensive study of soundscape conducted so far in Poland.&nbsp; The results of the research are \u2013 the monographic book edited by Robert Losiak and Renata Ta\u0144czuk, the archive and the sound [&hellip;]<\/p>\n","protected":false},"author":529,"featured_media":0,"parent":0,"menu_order":0,"comment_status":"closed","ping_status":"closed","template":"","meta":{"_acf_changed":false,"inline_featured_image":false,"site-sidebar-layout":"default","site-content-layout":"","ast-site-content-layout":"default","site-content-style":"default","site-sidebar-style":"default","ast-global-header-display":"","ast-banner-title-visibility":"","ast-main-header-display":"","ast-hfb-above-header-display":"","ast-hfb-below-header-display":"","ast-hfb-mobile-header-display":"","site-post-title":"","ast-breadcrumbs-content":"","ast-featured-img":"","footer-sml-layout":"","ast-disable-related-posts":"","theme-transparent-header-meta":"","adv-header-id-meta":"","stick-header-meta":"","header-above-stick-meta":"","header-main-stick-meta":"","header-below-stick-meta":"","astra-migrate-meta-layouts":"set","ast-page-background-enabled":"default","ast-page-background-meta":{"desktop":{"background-color":"","background-image":"","background-repeat":"repeat","background-position":"center center","background-size":"auto","background-attachment":"scroll","background-type":"","background-media":"","overlay-type":"","overlay-color":"","overlay-opacity":"","overlay-gradient":""},"tablet":{"background-color":"","background-image":"","background-repeat":"repeat","background-position":"center center","background-size":"auto","background-attachment":"scroll","background-type":"","background-media":"","overlay-type":"","overlay-color":"","overlay-opacity":"","overlay-gradient":""},"mobile":{"background-color":"","background-image":"","background-repeat":"repeat","background-position":"center center","background-size":"auto","background-attachment":"scroll","background-type":"","background-media":"","overlay-type":"","overlay-color":"","overlay-opacity":"","overlay-gradient":""}},"ast-content-background-meta":{"desktop":{"background-color":"var(--ast-global-color-5)","background-image":"","background-repeat":"repeat","background-position":"center center","background-size":"auto","background-attachment":"scroll","background-type":"","background-media":"","overlay-type":"","overlay-color":"","overlay-opacity":"","overlay-gradient":""},"tablet":{"background-color":"var(--ast-global-color-5)","background-image":"","background-repeat":"repeat","background-position":"center center","background-size":"auto","background-attachment":"scroll","background-type":"","background-media":"","overlay-type":"","overlay-color":"","overlay-opacity":"","overlay-gradient":""},"mobile":{"background-color":"var(--ast-global-color-5)","background-image":"","background-repeat":"repeat","background-position":"center center","background-size":"auto","background-attachment":"scroll","background-type":"","background-media":"","overlay-type":"","overlay-color":"","overlay-opacity":"","overlay-gradient":""}},"footnotes":""},"categories":[],"tags":[],"class_list":["post-26323","page","type-page","status-publish","hentry"],"featured_image_urls_v2":{"full":"","thumbnail":"","medium":"","medium_large":"","large":"","1536x1536":"","2048x2048":"","menu-24x24":"","menu-36x36":"","menu-48x48":""},"post_excerpt_stackable_v2":"<p>RESEARCH PROJECTS The Soundscape of Wroc\u0142aw: Research on the Acoustic Environment of a Central European City The Soundscapes of Wroc\u0142aw and Lviv: Comparative Studies The Alternative Sound Guide to Dzier\u017coni\u00f3w The Axiosemiotics of Sheet Music The Soundscape of Wroc\u0142aw: Research on the Acoustic Environment of a Central European City \u201cThe Soundscape of Wroc\u0142aw\u201d was first such a comprehensive study of soundscape conducted so far in Poland.&nbsp; The results of the research are \u2013 the monographic book edited by Robert Losiak and Renata Ta\u0144czuk, the archive and the sound map. The project was realized from 2011 to 2014 by a multi-disciplinary&hellip;<\/p>\n","category_list_v2":"Uncategorized","author_info_v2":{"name":"swieczorek","url":"https:\/\/pracownia.audiosfery.uwr.edu.pl\/en\/author\/swieczorek\/"},"comments_num_v2":"0 comments","acf":[],"yoast_head":"<!-- This site is optimized with the Yoast SEO plugin v27.1.1 - https:\/\/yoast.com\/product\/yoast-seo-wordpress\/ -->\n<title>Research Projects - Pracownia Bada\u0144 Pejza\u017cu D\u017awi\u0119kowego<\/title>\n<meta name=\"robots\" content=\"index, follow, max-snippet:-1, max-image-preview:large, max-video-preview:-1\" \/>\n<link rel=\"canonical\" href=\"https:\/\/pracownia.audiosfery.uwr.edu.pl\/en\/research-projects\/\" \/>\n<meta property=\"og:locale\" content=\"en_US\" \/>\n<meta property=\"og:type\" content=\"article\" \/>\n<meta property=\"og:title\" content=\"Research Projects - Pracownia Bada\u0144 Pejza\u017cu D\u017awi\u0119kowego\" \/>\n<meta property=\"og:description\" content=\"RESEARCH PROJECTS The Soundscape of Wroc\u0142aw: Research on the Acoustic Environment of a Central European City \u201cThe Soundscape of Wroc\u0142aw\u201d was first such a comprehensive study of soundscape conducted so far in Poland.&nbsp; The results of the research are \u2013 the monographic book edited by Robert Losiak and Renata Ta\u0144czuk, the archive and the sound [&hellip;]\" \/>\n<meta property=\"og:url\" content=\"https:\/\/pracownia.audiosfery.uwr.edu.pl\/en\/research-projects\/\" \/>\n<meta property=\"og:site_name\" content=\"Pracownia Bada\u0144 Pejza\u017cu D\u017awi\u0119kowego\" \/>\n<meta property=\"article:modified_time\" content=\"2025-12-02T09:49:19+00:00\" \/>\n<meta name=\"twitter:card\" content=\"summary_large_image\" \/>\n<meta name=\"twitter:label1\" content=\"Est. reading time\" \/>\n\t<meta name=\"twitter:data1\" content=\"5 minutes\" \/>\n<script type=\"application\/ld+json\" class=\"yoast-schema-graph\">{\"@context\":\"https:\/\/schema.org\",\"@graph\":[{\"@type\":\"WebPage\",\"@id\":\"https:\/\/pracownia.audiosfery.uwr.edu.pl\/en\/research-projects\/\",\"url\":\"https:\/\/pracownia.audiosfery.uwr.edu.pl\/en\/research-projects\/\",\"name\":\"Research Projects - Pracownia Bada\u0144 Pejza\u017cu D\u017awi\u0119kowego\",\"isPartOf\":{\"@id\":\"https:\/\/pracownia.audiosfery.uwr.edu.pl\/#website\"},\"datePublished\":\"2025-12-01T19:13:15+00:00\",\"dateModified\":\"2025-12-02T09:49:19+00:00\",\"breadcrumb\":{\"@id\":\"https:\/\/pracownia.audiosfery.uwr.edu.pl\/en\/research-projects\/#breadcrumb\"},\"inLanguage\":\"en-US\",\"potentialAction\":[{\"@type\":\"ReadAction\",\"target\":[\"https:\/\/pracownia.audiosfery.uwr.edu.pl\/en\/research-projects\/\"]}]},{\"@type\":\"BreadcrumbList\",\"@id\":\"https:\/\/pracownia.audiosfery.uwr.edu.pl\/en\/research-projects\/#breadcrumb\",\"itemListElement\":[{\"@type\":\"ListItem\",\"position\":1,\"name\":\"Strona g\u0142\u00f3wna\",\"item\":\"https:\/\/pracownia.audiosfery.uwr.edu.pl\/en\/\"},{\"@type\":\"ListItem\",\"position\":2,\"name\":\"Research Projects\"}]},{\"@type\":\"WebSite\",\"@id\":\"https:\/\/pracownia.audiosfery.uwr.edu.pl\/#website\",\"url\":\"https:\/\/pracownia.audiosfery.uwr.edu.pl\/\",\"name\":\"Pracownia Bada\u0144 Pejza\u017cu D\u017awi\u0119kowego\",\"description\":\"Kolejna witryna sieci \u201eUWR Witryny\u201d\",\"publisher\":{\"@id\":\"https:\/\/pracownia.audiosfery.uwr.edu.pl\/#organization\"},\"potentialAction\":[{\"@type\":\"SearchAction\",\"target\":{\"@type\":\"EntryPoint\",\"urlTemplate\":\"https:\/\/pracownia.audiosfery.uwr.edu.pl\/?s={search_term_string}\"},\"query-input\":{\"@type\":\"PropertyValueSpecification\",\"valueRequired\":true,\"valueName\":\"search_term_string\"}}],\"inLanguage\":\"en-US\"},{\"@type\":\"Organization\",\"@id\":\"https:\/\/pracownia.audiosfery.uwr.edu.pl\/#organization\",\"name\":\"Pracownia Bada\u0144 Pejza\u017cu D\u017awi\u0119kowego\",\"url\":\"https:\/\/pracownia.audiosfery.uwr.edu.pl\/\",\"logo\":{\"@type\":\"ImageObject\",\"inLanguage\":\"en-US\",\"@id\":\"https:\/\/pracownia.audiosfery.uwr.edu.pl\/#\/schema\/logo\/image\/\",\"url\":\"https:\/\/pracownia.audiosfery.uwr.edu.pl\/wp-content\/uploads\/sites\/802\/2025\/10\/UWr-logotyp-2025.png\",\"contentUrl\":\"https:\/\/pracownia.audiosfery.uwr.edu.pl\/wp-content\/uploads\/sites\/802\/2025\/10\/UWr-logotyp-2025.png\",\"width\":764,\"height\":269,\"caption\":\"Pracownia Bada\u0144 Pejza\u017cu D\u017awi\u0119kowego\"},\"image\":{\"@id\":\"https:\/\/pracownia.audiosfery.uwr.edu.pl\/#\/schema\/logo\/image\/\"}}]}<\/script>\n<!-- \/ Yoast SEO plugin. -->","yoast_head_json":{"title":"Research Projects - Pracownia Bada\u0144 Pejza\u017cu D\u017awi\u0119kowego","robots":{"index":"index","follow":"follow","max-snippet":"max-snippet:-1","max-image-preview":"max-image-preview:large","max-video-preview":"max-video-preview:-1"},"canonical":"https:\/\/pracownia.audiosfery.uwr.edu.pl\/en\/research-projects\/","og_locale":"en_US","og_type":"article","og_title":"Research Projects - Pracownia Bada\u0144 Pejza\u017cu D\u017awi\u0119kowego","og_description":"RESEARCH PROJECTS The Soundscape of Wroc\u0142aw: Research on the Acoustic Environment of a Central European City \u201cThe Soundscape of Wroc\u0142aw\u201d was first such a comprehensive study of soundscape conducted so far in Poland.&nbsp; The results of the research are \u2013 the monographic book edited by Robert Losiak and Renata Ta\u0144czuk, the archive and the sound [&hellip;]","og_url":"https:\/\/pracownia.audiosfery.uwr.edu.pl\/en\/research-projects\/","og_site_name":"Pracownia Bada\u0144 Pejza\u017cu D\u017awi\u0119kowego","article_modified_time":"2025-12-02T09:49:19+00:00","twitter_card":"summary_large_image","twitter_misc":{"Est. reading time":"5 minutes"},"schema":{"@context":"https:\/\/schema.org","@graph":[{"@type":"WebPage","@id":"https:\/\/pracownia.audiosfery.uwr.edu.pl\/en\/research-projects\/","url":"https:\/\/pracownia.audiosfery.uwr.edu.pl\/en\/research-projects\/","name":"Research Projects - Pracownia Bada\u0144 Pejza\u017cu D\u017awi\u0119kowego","isPartOf":{"@id":"https:\/\/pracownia.audiosfery.uwr.edu.pl\/#website"},"datePublished":"2025-12-01T19:13:15+00:00","dateModified":"2025-12-02T09:49:19+00:00","breadcrumb":{"@id":"https:\/\/pracownia.audiosfery.uwr.edu.pl\/en\/research-projects\/#breadcrumb"},"inLanguage":"en-US","potentialAction":[{"@type":"ReadAction","target":["https:\/\/pracownia.audiosfery.uwr.edu.pl\/en\/research-projects\/"]}]},{"@type":"BreadcrumbList","@id":"https:\/\/pracownia.audiosfery.uwr.edu.pl\/en\/research-projects\/#breadcrumb","itemListElement":[{"@type":"ListItem","position":1,"name":"Strona g\u0142\u00f3wna","item":"https:\/\/pracownia.audiosfery.uwr.edu.pl\/en\/"},{"@type":"ListItem","position":2,"name":"Research Projects"}]},{"@type":"WebSite","@id":"https:\/\/pracownia.audiosfery.uwr.edu.pl\/#website","url":"https:\/\/pracownia.audiosfery.uwr.edu.pl\/","name":"Pracownia Bada\u0144 Pejza\u017cu D\u017awi\u0119kowego","description":"Kolejna witryna sieci \u201eUWR Witryny\u201d","publisher":{"@id":"https:\/\/pracownia.audiosfery.uwr.edu.pl\/#organization"},"potentialAction":[{"@type":"SearchAction","target":{"@type":"EntryPoint","urlTemplate":"https:\/\/pracownia.audiosfery.uwr.edu.pl\/?s={search_term_string}"},"query-input":{"@type":"PropertyValueSpecification","valueRequired":true,"valueName":"search_term_string"}}],"inLanguage":"en-US"},{"@type":"Organization","@id":"https:\/\/pracownia.audiosfery.uwr.edu.pl\/#organization","name":"Pracownia Bada\u0144 Pejza\u017cu D\u017awi\u0119kowego","url":"https:\/\/pracownia.audiosfery.uwr.edu.pl\/","logo":{"@type":"ImageObject","inLanguage":"en-US","@id":"https:\/\/pracownia.audiosfery.uwr.edu.pl\/#\/schema\/logo\/image\/","url":"https:\/\/pracownia.audiosfery.uwr.edu.pl\/wp-content\/uploads\/sites\/802\/2025\/10\/UWr-logotyp-2025.png","contentUrl":"https:\/\/pracownia.audiosfery.uwr.edu.pl\/wp-content\/uploads\/sites\/802\/2025\/10\/UWr-logotyp-2025.png","width":764,"height":269,"caption":"Pracownia Bada\u0144 Pejza\u017cu D\u017awi\u0119kowego"},"image":{"@id":"https:\/\/pracownia.audiosfery.uwr.edu.pl\/#\/schema\/logo\/image\/"}}]}},"publishpress_future_action":{"enabled":false,"date":"2026-04-20 05:42:12","action":"change-status","newStatus":"draft","terms":[],"taxonomy":"category","extraData":[]},"publishpress_future_workflow_manual_trigger":{"enabledWorkflows":[]},"_links":{"self":[{"href":"https:\/\/pracownia.audiosfery.uwr.edu.pl\/en\/wp-json\/wp\/v2\/pages\/26323\/"}],"collection":[{"href":"https:\/\/pracownia.audiosfery.uwr.edu.pl\/en\/wp-json\/wp\/v2\/pages\/"}],"about":[{"href":"https:\/\/pracownia.audiosfery.uwr.edu.pl\/en\/wp-json\/wp\/v2\/types\/page\/"}],"author":[{"embeddable":true,"href":"https:\/\/pracownia.audiosfery.uwr.edu.pl\/en\/wp-json\/wp\/v2\/users\/529\/"}],"replies":[{"embeddable":true,"href":"https:\/\/pracownia.audiosfery.uwr.edu.pl\/en\/wp-json\/wp\/v2\/comments\/?post=26323"}],"version-history":[{"count":3,"href":"https:\/\/pracownia.audiosfery.uwr.edu.pl\/en\/wp-json\/wp\/v2\/pages\/26323\/revisions\/"}],"predecessor-version":[{"id":26413,"href":"https:\/\/pracownia.audiosfery.uwr.edu.pl\/en\/wp-json\/wp\/v2\/pages\/26323\/revisions\/26413\/"}],"wp:attachment":[{"href":"https:\/\/pracownia.audiosfery.uwr.edu.pl\/en\/wp-json\/wp\/v2\/media\/?parent=26323"}],"wp:term":[{"taxonomy":"category","embeddable":true,"href":"https:\/\/pracownia.audiosfery.uwr.edu.pl\/en\/wp-json\/wp\/v2\/categories\/?post=26323"},{"taxonomy":"post_tag","embeddable":true,"href":"https:\/\/pracownia.audiosfery.uwr.edu.pl\/en\/wp-json\/wp\/v2\/tags\/?post=26323"}],"curies":[{"name":"wp","href":"https:\/\/api.w.org\/{rel}","templated":true}]}}