{"id":26296,"date":"2025-12-01T20:00:41","date_gmt":"2025-12-01T19:00:41","guid":{"rendered":"https:\/\/pracownia.audiosfery.uwr.edu.pl\/?page_id=26296"},"modified":"2025-12-02T10:46:04","modified_gmt":"2025-12-02T09:46:04","slug":"team","status":"publish","type":"page","link":"https:\/\/pracownia.audiosfery.uwr.edu.pl\/en\/team\/","title":{"rendered":"Team"},"content":{"rendered":"\n<h1 class=\"wp-block-heading alignwide\">TEAM<\/h1>\n\n\n\n<p><strong>Daniel Bro\u017cek<\/strong>&#8211; Wroclaw based sound art curator (Survival Art Review, Canti Spazializzati, Sanatorium of Sound) and&nbsp; modern music critic (\u201cGlissando\u201d magazine, \u201cCanti Illuminati\u201d blog). In \u201cCzarny Latawiec\u201d project works as a sound artist, produces music albums, sound installations and soundtracks for theatre plays.<\/p>\n\n\n\n<p><strong>Joanna Gul<\/strong> \u2013 music theorist and organologist, affiliated with the University of Wroclaw. Her main research areas are organology (especially Lower Silesian instrument making), craft and industrial exhibitions as well as soundscape research. She is the co-author of the websites showcasing musical instruments in Polish museums and collections (<a href=\"http:\/\/www.instrumenty.edu.pl\" target=\"_blank\" rel=\"noreferrer noopener\">www.instrumenty.edu.pl<\/a>). As a member of the Soundscape Research Studio at the University of Wroclaw she conducts research on soundscape.<\/p>\n\n\n\n<p><strong>Agata Janikowska<\/strong> \u2013 culture expert, PhD student at the Institute of Cultural Studies at the University of Wroc\u0142aw. Scientifically interested in the aesthetics of non-visual art, theatre soundscape and anthropology of the senses. Author of articles and conference speeches about the meaning of sound and sensual perception in art. She conducts research on the concept of non-visual theater and on the role of sound in theatrical transmission.<\/p>\n\n\n\n<p><strong>Monika Janowiak-Janik<\/strong> \u2013&nbsp; ethnomusicologist, graduated from the Institute of Musicology at the University of Warsaw. She currently works at the Library of Cultural Studies and Musicology at the University of Wroc\u0142aw. Her interests focus on Roma Gypsy music, in particular on the musical culture of the Carpathian Roma, where she conducted research on the Roma community.&nbsp; As part of the project \u201cThe Soundscape of Wroc\u0142aw: Research on the Acoustic Environment of a Central European City\u201d she set up an archive containing acoustic recordings of Wroc\u0142aw.<\/p>\n\n\n\n<p><strong>Maksymilian Kapela\u0144ski<\/strong>&nbsp;\u2013 sound culture scholar, visual artmaker, funk-disco composer, short-text writer. Author of an academic work on R. Murray Schafer\u2019s concept of the soundscape, and scholarly as well as magazine articles in meta and depth analysis of&nbsp; sound culture and acoustic ecology in interdisciplinary and disciplinary publications, including MIT\u2019s Leonardo On-Line. He appeared globally with the artwork Trumpet System, presented in Omega\u2019s 2012 objection of artists against financial exploitation through file-sharing mogul Kim Dotcom\u2019s me.ga domain. His art provides examples from the creative issues of positive absence and questioning, revolt and lateral thinking, the uncanny and the canny, as well as playful-critical quotation. Kapela\u0144ski\u2019s music is multi-layered and expresses fun and joy, sometimes danger and darkness, in a pop-music format. He tweets on culture @kapelanski.<\/p>\n\n\n\n<p><strong>Robert Losiak<\/strong> \u2013 is a musicologist and sound ecologist. He holds a PhD degree and is affiliated with the University of Wroclaw. His research focuses on soundscape. In 2009, he funded the Soundscape Research Studio at the University of Wroclaw. He has designed a research project on the soundscape of Wroclaw and co-edited <em>Audiosfera miasta<\/em> (2012), <em>Audiosfera Wroc\u0142awia<\/em> (2014), <em>Audiosfera. Szkice<\/em> vol. I and II (2016, 2018). Editor of the journal \u201cAudiosfera.&nbsp;Koncepcje-Badania-Praktyki\u201d.<\/p>\n\n\n\n<p><strong>Jacek Ma\u0142czy\u0144ski<\/strong> is an assistant professor at the Institute of Cultural Studies, University of Wroc\u0142aw. In 2018 he published the book \u201cKrajobrazy Zag\u0142ady. Perspektywa historii \u015brodowiskowej\u201d (\u201cHolocaust Landscapes. Towards Enviromental History Perspective\u201d). He is a co-editor of Kultura nie-ludzka (Non-human Culture) and Klimat kultury (Climate of Culture), issues of \u201cPrace Kulturoznawcze\u201d (\u201cPapers in Cultural Studies\u201d). He combines his interest in soundscape with environmental humanities, posthumanities and memory studies.<\/p>\n\n\n\n<p><strong>Tomasz Sielicki<\/strong> \u2013 graduated in Slavic philology from the University of Wroc\u0142aw. One of his main interests is the history of Wroc\u0142aw; he worked with, among others, the City Museum of Wroc\u0142aw and the Wroc\u0142aw Open Historical University. His subject of special interest is the history of urban transport in Wroc\u0142aw, which resulted in exhibitions, lectures, articles, and two books. He also conducts research on the history of Wroc\u0142aw church bells. He is a PhD student at the Institute of History at the University of Wroc\u0142aw and regular a collaborator of the Soundscape Research Studio.<\/p>\n\n\n\n<p><strong>Kamila Sta\u015bko-Mazur<\/strong> \u2013 independent researcher, author and participant of sound projects and texts on acoustic ecology. Currently she teaches on Sound and Soundscape courses in the Musicology Department at the University of Wroc\u0142aw. Her research interests include environmental sound awareness and the field of intersection of music, technology and perception. She received her BA in Composition and MA in Musicology (Academy of Music, University of Wroc\u0142aw, Poland), accomplish by research in Polish Radio Archives and field recording practise&nbsp;in France and Finland.<\/p>\n\n\n\n<p><strong>Renata Ta\u0144czuk<\/strong> is a professor of Cultural Studies at the University of Wroc\u0142aw, Poland. Her main research areas are material culture and collecting, as well as sound and soundscape studies. She is a member of the Laboratory of the Contemporary Humanities, the Soundscape Research Studio and the editorial board of the Polish Soundscape Journal. Concepts-Research-Practice. Her publications include Ars colligendi, kolekcjonowanie jako forma aktywno\u015bci kulturalnej [Ars colligendi: collecting as a form of cultural activity] (Wroc\u0142aw 2011) and \u201cThe horror of natural history collections\u201d. She is also co-author and co-editor of several books, including Audiosfera miasta [The Urban Soundscape] (Wroc\u0142aw 2012), Audiosfera Wroc\u0142awia [The Soundscape of&nbsp; Wroc\u0142aw] (Wroc\u0142aw 2014) and Audiosfera. Studia [The Soundscape: studies] (Wroc\u0142aw 2016).<\/p>\n\n\n\n<p><strong>S\u0142awomir Wieczorek<\/strong> holds a Master\u2019s Degree in cultural studies and a PhD in musicology. He is a faculty member of the Institute of Musicology at the University of Wroc\u0142aw. Author of the book On the musical front: socialist realist discourse on music in Poland 1948\u20131955, his interests focus on the history of twentieth-century music and soundscapes.<\/p>\n","protected":false},"excerpt":{"rendered":"<p>TEAM Daniel Bro\u017cek&#8211; Wroclaw based sound art curator (Survival Art Review, Canti Spazializzati, Sanatorium of Sound) and&nbsp; modern music critic (\u201cGlissando\u201d magazine, \u201cCanti Illuminati\u201d blog). In \u201cCzarny Latawiec\u201d project works as a sound artist, produces music albums, sound installations and soundtracks for theatre plays. Joanna Gul \u2013 music theorist and organologist, affiliated with the University [&hellip;]<\/p>\n","protected":false},"author":529,"featured_media":0,"parent":0,"menu_order":0,"comment_status":"closed","ping_status":"closed","template":"","meta":{"_acf_changed":false,"inline_featured_image":false,"site-sidebar-layout":"default","site-content-layout":"","ast-site-content-layout":"default","site-content-style":"default","site-sidebar-style":"default","ast-global-header-display":"","ast-banner-title-visibility":"","ast-main-header-display":"","ast-hfb-above-header-display":"","ast-hfb-below-header-display":"","ast-hfb-mobile-header-display":"","site-post-title":"","ast-breadcrumbs-content":"","ast-featured-img":"","footer-sml-layout":"","ast-disable-related-posts":"","theme-transparent-header-meta":"","adv-header-id-meta":"","stick-header-meta":"","header-above-stick-meta":"","header-main-stick-meta":"","header-below-stick-meta":"","astra-migrate-meta-layouts":"set","ast-page-background-enabled":"default","ast-page-background-meta":{"desktop":{"background-color":"","background-image":"","background-repeat":"repeat","background-position":"center center","background-size":"auto","background-attachment":"scroll","background-type":"","background-media":"","overlay-type":"","overlay-color":"","overlay-opacity":"","overlay-gradient":""},"tablet":{"background-color":"","background-image":"","background-repeat":"repeat","background-position":"center center","background-size":"auto","background-attachment":"scroll","background-type":"","background-media":"","overlay-type":"","overlay-color":"","overlay-opacity":"","overlay-gradient":""},"mobile":{"background-color":"","background-image":"","background-repeat":"repeat","background-position":"center center","background-size":"auto","background-attachment":"scroll","background-type":"","background-media":"","overlay-type":"","overlay-color":"","overlay-opacity":"","overlay-gradient":""}},"ast-content-background-meta":{"desktop":{"background-color":"var(--ast-global-color-5)","background-image":"","background-repeat":"repeat","background-position":"center center","background-size":"auto","background-attachment":"scroll","background-type":"","background-media":"","overlay-type":"","overlay-color":"","overlay-opacity":"","overlay-gradient":""},"tablet":{"background-color":"var(--ast-global-color-5)","background-image":"","background-repeat":"repeat","background-position":"center center","background-size":"auto","background-attachment":"scroll","background-type":"","background-media":"","overlay-type":"","overlay-color":"","overlay-opacity":"","overlay-gradient":""},"mobile":{"background-color":"var(--ast-global-color-5)","background-image":"","background-repeat":"repeat","background-position":"center center","background-size":"auto","background-attachment":"scroll","background-type":"","background-media":"","overlay-type":"","overlay-color":"","overlay-opacity":"","overlay-gradient":""}},"footnotes":""},"categories":[],"tags":[],"class_list":["post-26296","page","type-page","status-publish","hentry"],"featured_image_urls_v2":{"full":"","thumbnail":"","medium":"","medium_large":"","large":"","1536x1536":"","2048x2048":"","menu-24x24":"","menu-36x36":"","menu-48x48":""},"post_excerpt_stackable_v2":"<p>TEAM Daniel Bro\u017cek&#8211; Wroclaw based sound art curator (Survival Art Review, Canti Spazializzati, Sanatorium of Sound) and&nbsp; modern music critic (\u201cGlissando\u201d magazine, \u201cCanti Illuminati\u201d blog). In \u201cCzarny Latawiec\u201d project works as a sound artist, produces music albums, sound installations and soundtracks for theatre plays. Joanna Gul \u2013 music theorist and organologist, affiliated with the University of Wroclaw. Her main research areas are organology (especially Lower Silesian instrument making), craft and industrial exhibitions as well as soundscape research. She is the co-author of the websites showcasing musical instruments in Polish museums and collections (www.instrumenty.edu.pl). As a member of the Soundscape Research&hellip;<\/p>\n","category_list_v2":"Uncategorized","author_info_v2":{"name":"swieczorek","url":"https:\/\/pracownia.audiosfery.uwr.edu.pl\/en\/author\/swieczorek\/"},"comments_num_v2":"0 comments","acf":[],"yoast_head":"<!-- This site is optimized with the Yoast SEO plugin v27.1.1 - https:\/\/yoast.com\/product\/yoast-seo-wordpress\/ -->\n<title>Team - Pracownia Bada\u0144 Pejza\u017cu D\u017awi\u0119kowego<\/title>\n<meta name=\"robots\" content=\"index, follow, max-snippet:-1, max-image-preview:large, max-video-preview:-1\" \/>\n<link rel=\"canonical\" href=\"https:\/\/pracownia.audiosfery.uwr.edu.pl\/en\/team\/\" \/>\n<meta property=\"og:locale\" content=\"en_US\" \/>\n<meta property=\"og:type\" content=\"article\" \/>\n<meta property=\"og:title\" content=\"Team - Pracownia Bada\u0144 Pejza\u017cu D\u017awi\u0119kowego\" \/>\n<meta property=\"og:description\" content=\"TEAM Daniel Bro\u017cek&#8211; Wroclaw based sound art curator (Survival Art Review, Canti Spazializzati, Sanatorium of Sound) and&nbsp; modern music critic (\u201cGlissando\u201d magazine, \u201cCanti Illuminati\u201d blog). In \u201cCzarny Latawiec\u201d project works as a sound artist, produces music albums, sound installations and soundtracks for theatre plays. Joanna Gul \u2013 music theorist and organologist, affiliated with the University [&hellip;]\" \/>\n<meta property=\"og:url\" content=\"https:\/\/pracownia.audiosfery.uwr.edu.pl\/en\/team\/\" \/>\n<meta property=\"og:site_name\" content=\"Pracownia Bada\u0144 Pejza\u017cu D\u017awi\u0119kowego\" \/>\n<meta property=\"article:modified_time\" content=\"2025-12-02T09:46:04+00:00\" \/>\n<meta name=\"twitter:card\" content=\"summary_large_image\" \/>\n<meta name=\"twitter:label1\" content=\"Est. reading time\" \/>\n\t<meta name=\"twitter:data1\" content=\"4 minutes\" \/>\n<script type=\"application\/ld+json\" class=\"yoast-schema-graph\">{\"@context\":\"https:\/\/schema.org\",\"@graph\":[{\"@type\":\"WebPage\",\"@id\":\"https:\/\/pracownia.audiosfery.uwr.edu.pl\/en\/team\/\",\"url\":\"https:\/\/pracownia.audiosfery.uwr.edu.pl\/en\/team\/\",\"name\":\"Team - Pracownia Bada\u0144 Pejza\u017cu D\u017awi\u0119kowego\",\"isPartOf\":{\"@id\":\"https:\/\/pracownia.audiosfery.uwr.edu.pl\/#website\"},\"datePublished\":\"2025-12-01T19:00:41+00:00\",\"dateModified\":\"2025-12-02T09:46:04+00:00\",\"breadcrumb\":{\"@id\":\"https:\/\/pracownia.audiosfery.uwr.edu.pl\/en\/team\/#breadcrumb\"},\"inLanguage\":\"en-US\",\"potentialAction\":[{\"@type\":\"ReadAction\",\"target\":[\"https:\/\/pracownia.audiosfery.uwr.edu.pl\/en\/team\/\"]}]},{\"@type\":\"BreadcrumbList\",\"@id\":\"https:\/\/pracownia.audiosfery.uwr.edu.pl\/en\/team\/#breadcrumb\",\"itemListElement\":[{\"@type\":\"ListItem\",\"position\":1,\"name\":\"Strona g\u0142\u00f3wna\",\"item\":\"https:\/\/pracownia.audiosfery.uwr.edu.pl\/en\/\"},{\"@type\":\"ListItem\",\"position\":2,\"name\":\"Team\"}]},{\"@type\":\"WebSite\",\"@id\":\"https:\/\/pracownia.audiosfery.uwr.edu.pl\/#website\",\"url\":\"https:\/\/pracownia.audiosfery.uwr.edu.pl\/\",\"name\":\"Pracownia Bada\u0144 Pejza\u017cu D\u017awi\u0119kowego\",\"description\":\"Kolejna witryna sieci \u201eUWR Witryny\u201d\",\"publisher\":{\"@id\":\"https:\/\/pracownia.audiosfery.uwr.edu.pl\/#organization\"},\"potentialAction\":[{\"@type\":\"SearchAction\",\"target\":{\"@type\":\"EntryPoint\",\"urlTemplate\":\"https:\/\/pracownia.audiosfery.uwr.edu.pl\/?s={search_term_string}\"},\"query-input\":{\"@type\":\"PropertyValueSpecification\",\"valueRequired\":true,\"valueName\":\"search_term_string\"}}],\"inLanguage\":\"en-US\"},{\"@type\":\"Organization\",\"@id\":\"https:\/\/pracownia.audiosfery.uwr.edu.pl\/#organization\",\"name\":\"Pracownia Bada\u0144 Pejza\u017cu D\u017awi\u0119kowego\",\"url\":\"https:\/\/pracownia.audiosfery.uwr.edu.pl\/\",\"logo\":{\"@type\":\"ImageObject\",\"inLanguage\":\"en-US\",\"@id\":\"https:\/\/pracownia.audiosfery.uwr.edu.pl\/#\/schema\/logo\/image\/\",\"url\":\"https:\/\/pracownia.audiosfery.uwr.edu.pl\/wp-content\/uploads\/sites\/802\/2025\/10\/UWr-logotyp-2025.png\",\"contentUrl\":\"https:\/\/pracownia.audiosfery.uwr.edu.pl\/wp-content\/uploads\/sites\/802\/2025\/10\/UWr-logotyp-2025.png\",\"width\":764,\"height\":269,\"caption\":\"Pracownia Bada\u0144 Pejza\u017cu D\u017awi\u0119kowego\"},\"image\":{\"@id\":\"https:\/\/pracownia.audiosfery.uwr.edu.pl\/#\/schema\/logo\/image\/\"}}]}<\/script>\n<!-- \/ Yoast SEO plugin. -->","yoast_head_json":{"title":"Team - Pracownia Bada\u0144 Pejza\u017cu D\u017awi\u0119kowego","robots":{"index":"index","follow":"follow","max-snippet":"max-snippet:-1","max-image-preview":"max-image-preview:large","max-video-preview":"max-video-preview:-1"},"canonical":"https:\/\/pracownia.audiosfery.uwr.edu.pl\/en\/team\/","og_locale":"en_US","og_type":"article","og_title":"Team - Pracownia Bada\u0144 Pejza\u017cu D\u017awi\u0119kowego","og_description":"TEAM Daniel Bro\u017cek&#8211; Wroclaw based sound art curator (Survival Art Review, Canti Spazializzati, Sanatorium of Sound) and&nbsp; modern music critic (\u201cGlissando\u201d magazine, \u201cCanti Illuminati\u201d blog). In \u201cCzarny Latawiec\u201d project works as a sound artist, produces music albums, sound installations and soundtracks for theatre plays. Joanna Gul \u2013 music theorist and organologist, affiliated with the University [&hellip;]","og_url":"https:\/\/pracownia.audiosfery.uwr.edu.pl\/en\/team\/","og_site_name":"Pracownia Bada\u0144 Pejza\u017cu D\u017awi\u0119kowego","article_modified_time":"2025-12-02T09:46:04+00:00","twitter_card":"summary_large_image","twitter_misc":{"Est. reading time":"4 minutes"},"schema":{"@context":"https:\/\/schema.org","@graph":[{"@type":"WebPage","@id":"https:\/\/pracownia.audiosfery.uwr.edu.pl\/en\/team\/","url":"https:\/\/pracownia.audiosfery.uwr.edu.pl\/en\/team\/","name":"Team - Pracownia Bada\u0144 Pejza\u017cu D\u017awi\u0119kowego","isPartOf":{"@id":"https:\/\/pracownia.audiosfery.uwr.edu.pl\/#website"},"datePublished":"2025-12-01T19:00:41+00:00","dateModified":"2025-12-02T09:46:04+00:00","breadcrumb":{"@id":"https:\/\/pracownia.audiosfery.uwr.edu.pl\/en\/team\/#breadcrumb"},"inLanguage":"en-US","potentialAction":[{"@type":"ReadAction","target":["https:\/\/pracownia.audiosfery.uwr.edu.pl\/en\/team\/"]}]},{"@type":"BreadcrumbList","@id":"https:\/\/pracownia.audiosfery.uwr.edu.pl\/en\/team\/#breadcrumb","itemListElement":[{"@type":"ListItem","position":1,"name":"Strona g\u0142\u00f3wna","item":"https:\/\/pracownia.audiosfery.uwr.edu.pl\/en\/"},{"@type":"ListItem","position":2,"name":"Team"}]},{"@type":"WebSite","@id":"https:\/\/pracownia.audiosfery.uwr.edu.pl\/#website","url":"https:\/\/pracownia.audiosfery.uwr.edu.pl\/","name":"Pracownia Bada\u0144 Pejza\u017cu D\u017awi\u0119kowego","description":"Kolejna witryna sieci \u201eUWR Witryny\u201d","publisher":{"@id":"https:\/\/pracownia.audiosfery.uwr.edu.pl\/#organization"},"potentialAction":[{"@type":"SearchAction","target":{"@type":"EntryPoint","urlTemplate":"https:\/\/pracownia.audiosfery.uwr.edu.pl\/?s={search_term_string}"},"query-input":{"@type":"PropertyValueSpecification","valueRequired":true,"valueName":"search_term_string"}}],"inLanguage":"en-US"},{"@type":"Organization","@id":"https:\/\/pracownia.audiosfery.uwr.edu.pl\/#organization","name":"Pracownia Bada\u0144 Pejza\u017cu D\u017awi\u0119kowego","url":"https:\/\/pracownia.audiosfery.uwr.edu.pl\/","logo":{"@type":"ImageObject","inLanguage":"en-US","@id":"https:\/\/pracownia.audiosfery.uwr.edu.pl\/#\/schema\/logo\/image\/","url":"https:\/\/pracownia.audiosfery.uwr.edu.pl\/wp-content\/uploads\/sites\/802\/2025\/10\/UWr-logotyp-2025.png","contentUrl":"https:\/\/pracownia.audiosfery.uwr.edu.pl\/wp-content\/uploads\/sites\/802\/2025\/10\/UWr-logotyp-2025.png","width":764,"height":269,"caption":"Pracownia Bada\u0144 Pejza\u017cu D\u017awi\u0119kowego"},"image":{"@id":"https:\/\/pracownia.audiosfery.uwr.edu.pl\/#\/schema\/logo\/image\/"}}]}},"publishpress_future_action":{"enabled":false,"date":"2026-04-20 05:42:36","action":"change-status","newStatus":"draft","terms":[],"taxonomy":"category","extraData":[]},"publishpress_future_workflow_manual_trigger":{"enabledWorkflows":[]},"_links":{"self":[{"href":"https:\/\/pracownia.audiosfery.uwr.edu.pl\/en\/wp-json\/wp\/v2\/pages\/26296\/"}],"collection":[{"href":"https:\/\/pracownia.audiosfery.uwr.edu.pl\/en\/wp-json\/wp\/v2\/pages\/"}],"about":[{"href":"https:\/\/pracownia.audiosfery.uwr.edu.pl\/en\/wp-json\/wp\/v2\/types\/page\/"}],"author":[{"embeddable":true,"href":"https:\/\/pracownia.audiosfery.uwr.edu.pl\/en\/wp-json\/wp\/v2\/users\/529\/"}],"replies":[{"embeddable":true,"href":"https:\/\/pracownia.audiosfery.uwr.edu.pl\/en\/wp-json\/wp\/v2\/comments\/?post=26296"}],"version-history":[{"count":3,"href":"https:\/\/pracownia.audiosfery.uwr.edu.pl\/en\/wp-json\/wp\/v2\/pages\/26296\/revisions\/"}],"predecessor-version":[{"id":26407,"href":"https:\/\/pracownia.audiosfery.uwr.edu.pl\/en\/wp-json\/wp\/v2\/pages\/26296\/revisions\/26407\/"}],"wp:attachment":[{"href":"https:\/\/pracownia.audiosfery.uwr.edu.pl\/en\/wp-json\/wp\/v2\/media\/?parent=26296"}],"wp:term":[{"taxonomy":"category","embeddable":true,"href":"https:\/\/pracownia.audiosfery.uwr.edu.pl\/en\/wp-json\/wp\/v2\/categories\/?post=26296"},{"taxonomy":"post_tag","embeddable":true,"href":"https:\/\/pracownia.audiosfery.uwr.edu.pl\/en\/wp-json\/wp\/v2\/tags\/?post=26296"}],"curies":[{"name":"wp","href":"https:\/\/api.w.org\/{rel}","templated":true}]}}