{"id":26290,"date":"2025-12-01T19:59:14","date_gmt":"2025-12-01T18:59:14","guid":{"rendered":"https:\/\/pracownia.audiosfery.uwr.edu.pl\/?page_id=26290"},"modified":"2025-12-02T10:44:44","modified_gmt":"2025-12-02T09:44:44","slug":"idea","status":"publish","type":"page","link":"https:\/\/pracownia.audiosfery.uwr.edu.pl\/en\/idea\/","title":{"rendered":"Idea"},"content":{"rendered":"\n<h2 class=\"wp-block-heading alignwide\">IDEA<\/h2>\n\n\n\n<p><strong>The Soundscape Research Studio<\/strong> was founded at the Faculty of Cultural Studies of the University of Wroc\u0142aw in 2009 by Dr. Robert Losiak. It is the only research institution of its kind in Poland. The Studio\u2019s academic direction was inspired by Raymond Murray Schafer\u2019s soundscape research initiated in the 1960s as the World Soundscape Project. The work of Schafer and his colleagues influenced the details of the first research project conducted by the Studio \u2013 an interdisciplinary study on the soundscape of today\u2019s Wroc\u0142aw. However, the Studio never limited its activity to academic research, instead complementing it with educational, artistic, and editorial projects, as well as practical workshops.<\/p>\n\n\n\n<p>Today, the Studio is made up of 10 members, mostly employees of and doctoral students at the faculties of Cultural Studies and Musicology. We also maintain strong ties with independent researchers, artists, curators, and enthusiasts of sound studies. Undergraduate students of cultural studies and musicology are welcome to participate in our projects as well. During the 16 years of the Studio\u2019s history we have succeeded in publishing 5 books and founding a peer-reviewed online academic journal on sound and soundscape studies. Since 2009 we have hosted a series of more than 30 open lectures about sound, including ones for non-academic audiences, as well as a series of academic seminars on researching the soundscapes of the past and 6 conferences attended by Polish and European scholars.<\/p>\n\n\n\n<p>The Studio\u2019s website hosts, in addition to the aforementioned journal, the sound map of Wroc\u0142aw created by the Studio staff. In addition, the Studio staff has been teaching classes in soundscape studies for students of the Cultural Studies and Musicology faculties for 16 years. We have also co-created contemporary art and music festivals.<\/p>\n\n\n\n<p>As of 1 July 2025, by decision of the Rector of the University of Wroc\u0142aw, the Soundscape Research Studio became part of the Institute of Musicology.<\/p>\n","protected":false},"excerpt":{"rendered":"<p>IDEA The Soundscape Research Studio was founded at the Faculty of Cultural Studies of the University of Wroc\u0142aw in 2009 by Dr. Robert Losiak. It is the only research institution of its kind in Poland. The Studio\u2019s academic direction was inspired by Raymond Murray Schafer\u2019s soundscape research initiated in the 1960s as the World Soundscape [&hellip;]<\/p>\n","protected":false},"author":529,"featured_media":0,"parent":0,"menu_order":0,"comment_status":"closed","ping_status":"closed","template":"","meta":{"_acf_changed":false,"inline_featured_image":false,"site-sidebar-layout":"default","site-content-layout":"","ast-site-content-layout":"default","site-content-style":"default","site-sidebar-style":"default","ast-global-header-display":"","ast-banner-title-visibility":"","ast-main-header-display":"","ast-hfb-above-header-display":"","ast-hfb-below-header-display":"","ast-hfb-mobile-header-display":"","site-post-title":"","ast-breadcrumbs-content":"","ast-featured-img":"","footer-sml-layout":"","ast-disable-related-posts":"","theme-transparent-header-meta":"","adv-header-id-meta":"","stick-header-meta":"","header-above-stick-meta":"","header-main-stick-meta":"","header-below-stick-meta":"","astra-migrate-meta-layouts":"set","ast-page-background-enabled":"default","ast-page-background-meta":{"desktop":{"background-color":"","background-image":"","background-repeat":"repeat","background-position":"center center","background-size":"auto","background-attachment":"scroll","background-type":"","background-media":"","overlay-type":"","overlay-color":"","overlay-opacity":"","overlay-gradient":""},"tablet":{"background-color":"","background-image":"","background-repeat":"repeat","background-position":"center center","background-size":"auto","background-attachment":"scroll","background-type":"","background-media":"","overlay-type":"","overlay-color":"","overlay-opacity":"","overlay-gradient":""},"mobile":{"background-color":"","background-image":"","background-repeat":"repeat","background-position":"center center","background-size":"auto","background-attachment":"scroll","background-type":"","background-media":"","overlay-type":"","overlay-color":"","overlay-opacity":"","overlay-gradient":""}},"ast-content-background-meta":{"desktop":{"background-color":"var(--ast-global-color-5)","background-image":"","background-repeat":"repeat","background-position":"center center","background-size":"auto","background-attachment":"scroll","background-type":"","background-media":"","overlay-type":"","overlay-color":"","overlay-opacity":"","overlay-gradient":""},"tablet":{"background-color":"var(--ast-global-color-5)","background-image":"","background-repeat":"repeat","background-position":"center center","background-size":"auto","background-attachment":"scroll","background-type":"","background-media":"","overlay-type":"","overlay-color":"","overlay-opacity":"","overlay-gradient":""},"mobile":{"background-color":"var(--ast-global-color-5)","background-image":"","background-repeat":"repeat","background-position":"center center","background-size":"auto","background-attachment":"scroll","background-type":"","background-media":"","overlay-type":"","overlay-color":"","overlay-opacity":"","overlay-gradient":""}},"footnotes":""},"categories":[],"tags":[],"class_list":["post-26290","page","type-page","status-publish","hentry"],"featured_image_urls_v2":{"full":"","thumbnail":"","medium":"","medium_large":"","large":"","1536x1536":"","2048x2048":"","menu-24x24":"","menu-36x36":"","menu-48x48":""},"post_excerpt_stackable_v2":"<p>IDEA The Soundscape Research Studio was founded at the Faculty of Cultural Studies of the University of Wroc\u0142aw in 2009 by Dr. Robert Losiak. It is the only research institution of its kind in Poland. The Studio\u2019s academic direction was inspired by Raymond Murray Schafer\u2019s soundscape research initiated in the 1960s as the World Soundscape Project. The work of Schafer and his colleagues influenced the details of the first research project conducted by the Studio \u2013 an interdisciplinary study on the soundscape of today\u2019s Wroc\u0142aw. However, the Studio never limited its activity to academic research, instead complementing it with educational,&hellip;<\/p>\n","category_list_v2":"Uncategorized","author_info_v2":{"name":"swieczorek","url":"https:\/\/pracownia.audiosfery.uwr.edu.pl\/en\/author\/swieczorek\/"},"comments_num_v2":"0 comments","acf":[],"yoast_head":"<!-- This site is optimized with the Yoast SEO plugin v27.1.1 - https:\/\/yoast.com\/product\/yoast-seo-wordpress\/ -->\n<title>Idea - Pracownia Bada\u0144 Pejza\u017cu D\u017awi\u0119kowego<\/title>\n<meta name=\"robots\" content=\"index, follow, max-snippet:-1, max-image-preview:large, max-video-preview:-1\" \/>\n<link rel=\"canonical\" href=\"https:\/\/pracownia.audiosfery.uwr.edu.pl\/en\/idea\/\" \/>\n<meta property=\"og:locale\" content=\"en_US\" \/>\n<meta property=\"og:type\" content=\"article\" \/>\n<meta property=\"og:title\" content=\"Idea - Pracownia Bada\u0144 Pejza\u017cu D\u017awi\u0119kowego\" \/>\n<meta property=\"og:description\" content=\"IDEA The Soundscape Research Studio was founded at the Faculty of Cultural Studies of the University of Wroc\u0142aw in 2009 by Dr. Robert Losiak. It is the only research institution of its kind in Poland. The Studio\u2019s academic direction was inspired by Raymond Murray Schafer\u2019s soundscape research initiated in the 1960s as the World Soundscape [&hellip;]\" \/>\n<meta property=\"og:url\" content=\"https:\/\/pracownia.audiosfery.uwr.edu.pl\/en\/idea\/\" \/>\n<meta property=\"og:site_name\" content=\"Pracownia Bada\u0144 Pejza\u017cu D\u017awi\u0119kowego\" \/>\n<meta property=\"article:modified_time\" content=\"2025-12-02T09:44:44+00:00\" \/>\n<meta name=\"twitter:card\" content=\"summary_large_image\" \/>\n<meta name=\"twitter:label1\" content=\"Est. reading time\" \/>\n\t<meta name=\"twitter:data1\" content=\"2 minutes\" \/>\n<script type=\"application\/ld+json\" class=\"yoast-schema-graph\">{\"@context\":\"https:\/\/schema.org\",\"@graph\":[{\"@type\":\"WebPage\",\"@id\":\"https:\/\/pracownia.audiosfery.uwr.edu.pl\/en\/idea\/\",\"url\":\"https:\/\/pracownia.audiosfery.uwr.edu.pl\/en\/idea\/\",\"name\":\"Idea - Pracownia Bada\u0144 Pejza\u017cu D\u017awi\u0119kowego\",\"isPartOf\":{\"@id\":\"https:\/\/pracownia.audiosfery.uwr.edu.pl\/#website\"},\"datePublished\":\"2025-12-01T18:59:14+00:00\",\"dateModified\":\"2025-12-02T09:44:44+00:00\",\"breadcrumb\":{\"@id\":\"https:\/\/pracownia.audiosfery.uwr.edu.pl\/en\/idea\/#breadcrumb\"},\"inLanguage\":\"en-US\",\"potentialAction\":[{\"@type\":\"ReadAction\",\"target\":[\"https:\/\/pracownia.audiosfery.uwr.edu.pl\/en\/idea\/\"]}]},{\"@type\":\"BreadcrumbList\",\"@id\":\"https:\/\/pracownia.audiosfery.uwr.edu.pl\/en\/idea\/#breadcrumb\",\"itemListElement\":[{\"@type\":\"ListItem\",\"position\":1,\"name\":\"Strona g\u0142\u00f3wna\",\"item\":\"https:\/\/pracownia.audiosfery.uwr.edu.pl\/en\/\"},{\"@type\":\"ListItem\",\"position\":2,\"name\":\"Idea\"}]},{\"@type\":\"WebSite\",\"@id\":\"https:\/\/pracownia.audiosfery.uwr.edu.pl\/#website\",\"url\":\"https:\/\/pracownia.audiosfery.uwr.edu.pl\/\",\"name\":\"Pracownia Bada\u0144 Pejza\u017cu D\u017awi\u0119kowego\",\"description\":\"Kolejna witryna sieci \u201eUWR Witryny\u201d\",\"publisher\":{\"@id\":\"https:\/\/pracownia.audiosfery.uwr.edu.pl\/#organization\"},\"potentialAction\":[{\"@type\":\"SearchAction\",\"target\":{\"@type\":\"EntryPoint\",\"urlTemplate\":\"https:\/\/pracownia.audiosfery.uwr.edu.pl\/?s={search_term_string}\"},\"query-input\":{\"@type\":\"PropertyValueSpecification\",\"valueRequired\":true,\"valueName\":\"search_term_string\"}}],\"inLanguage\":\"en-US\"},{\"@type\":\"Organization\",\"@id\":\"https:\/\/pracownia.audiosfery.uwr.edu.pl\/#organization\",\"name\":\"Pracownia Bada\u0144 Pejza\u017cu D\u017awi\u0119kowego\",\"url\":\"https:\/\/pracownia.audiosfery.uwr.edu.pl\/\",\"logo\":{\"@type\":\"ImageObject\",\"inLanguage\":\"en-US\",\"@id\":\"https:\/\/pracownia.audiosfery.uwr.edu.pl\/#\/schema\/logo\/image\/\",\"url\":\"https:\/\/pracownia.audiosfery.uwr.edu.pl\/wp-content\/uploads\/sites\/802\/2025\/10\/UWr-logotyp-2025.png\",\"contentUrl\":\"https:\/\/pracownia.audiosfery.uwr.edu.pl\/wp-content\/uploads\/sites\/802\/2025\/10\/UWr-logotyp-2025.png\",\"width\":764,\"height\":269,\"caption\":\"Pracownia Bada\u0144 Pejza\u017cu D\u017awi\u0119kowego\"},\"image\":{\"@id\":\"https:\/\/pracownia.audiosfery.uwr.edu.pl\/#\/schema\/logo\/image\/\"}}]}<\/script>\n<!-- \/ Yoast SEO plugin. -->","yoast_head_json":{"title":"Idea - Pracownia Bada\u0144 Pejza\u017cu D\u017awi\u0119kowego","robots":{"index":"index","follow":"follow","max-snippet":"max-snippet:-1","max-image-preview":"max-image-preview:large","max-video-preview":"max-video-preview:-1"},"canonical":"https:\/\/pracownia.audiosfery.uwr.edu.pl\/en\/idea\/","og_locale":"en_US","og_type":"article","og_title":"Idea - Pracownia Bada\u0144 Pejza\u017cu D\u017awi\u0119kowego","og_description":"IDEA The Soundscape Research Studio was founded at the Faculty of Cultural Studies of the University of Wroc\u0142aw in 2009 by Dr. Robert Losiak. It is the only research institution of its kind in Poland. The Studio\u2019s academic direction was inspired by Raymond Murray Schafer\u2019s soundscape research initiated in the 1960s as the World Soundscape [&hellip;]","og_url":"https:\/\/pracownia.audiosfery.uwr.edu.pl\/en\/idea\/","og_site_name":"Pracownia Bada\u0144 Pejza\u017cu D\u017awi\u0119kowego","article_modified_time":"2025-12-02T09:44:44+00:00","twitter_card":"summary_large_image","twitter_misc":{"Est. reading time":"2 minutes"},"schema":{"@context":"https:\/\/schema.org","@graph":[{"@type":"WebPage","@id":"https:\/\/pracownia.audiosfery.uwr.edu.pl\/en\/idea\/","url":"https:\/\/pracownia.audiosfery.uwr.edu.pl\/en\/idea\/","name":"Idea - Pracownia Bada\u0144 Pejza\u017cu D\u017awi\u0119kowego","isPartOf":{"@id":"https:\/\/pracownia.audiosfery.uwr.edu.pl\/#website"},"datePublished":"2025-12-01T18:59:14+00:00","dateModified":"2025-12-02T09:44:44+00:00","breadcrumb":{"@id":"https:\/\/pracownia.audiosfery.uwr.edu.pl\/en\/idea\/#breadcrumb"},"inLanguage":"en-US","potentialAction":[{"@type":"ReadAction","target":["https:\/\/pracownia.audiosfery.uwr.edu.pl\/en\/idea\/"]}]},{"@type":"BreadcrumbList","@id":"https:\/\/pracownia.audiosfery.uwr.edu.pl\/en\/idea\/#breadcrumb","itemListElement":[{"@type":"ListItem","position":1,"name":"Strona g\u0142\u00f3wna","item":"https:\/\/pracownia.audiosfery.uwr.edu.pl\/en\/"},{"@type":"ListItem","position":2,"name":"Idea"}]},{"@type":"WebSite","@id":"https:\/\/pracownia.audiosfery.uwr.edu.pl\/#website","url":"https:\/\/pracownia.audiosfery.uwr.edu.pl\/","name":"Pracownia Bada\u0144 Pejza\u017cu D\u017awi\u0119kowego","description":"Kolejna witryna sieci \u201eUWR Witryny\u201d","publisher":{"@id":"https:\/\/pracownia.audiosfery.uwr.edu.pl\/#organization"},"potentialAction":[{"@type":"SearchAction","target":{"@type":"EntryPoint","urlTemplate":"https:\/\/pracownia.audiosfery.uwr.edu.pl\/?s={search_term_string}"},"query-input":{"@type":"PropertyValueSpecification","valueRequired":true,"valueName":"search_term_string"}}],"inLanguage":"en-US"},{"@type":"Organization","@id":"https:\/\/pracownia.audiosfery.uwr.edu.pl\/#organization","name":"Pracownia Bada\u0144 Pejza\u017cu D\u017awi\u0119kowego","url":"https:\/\/pracownia.audiosfery.uwr.edu.pl\/","logo":{"@type":"ImageObject","inLanguage":"en-US","@id":"https:\/\/pracownia.audiosfery.uwr.edu.pl\/#\/schema\/logo\/image\/","url":"https:\/\/pracownia.audiosfery.uwr.edu.pl\/wp-content\/uploads\/sites\/802\/2025\/10\/UWr-logotyp-2025.png","contentUrl":"https:\/\/pracownia.audiosfery.uwr.edu.pl\/wp-content\/uploads\/sites\/802\/2025\/10\/UWr-logotyp-2025.png","width":764,"height":269,"caption":"Pracownia Bada\u0144 Pejza\u017cu D\u017awi\u0119kowego"},"image":{"@id":"https:\/\/pracownia.audiosfery.uwr.edu.pl\/#\/schema\/logo\/image\/"}}]}},"publishpress_future_action":{"enabled":false,"date":"2026-04-20 01:18:01","action":"change-status","newStatus":"draft","terms":[],"taxonomy":"category","extraData":[]},"publishpress_future_workflow_manual_trigger":{"enabledWorkflows":[]},"_links":{"self":[{"href":"https:\/\/pracownia.audiosfery.uwr.edu.pl\/en\/wp-json\/wp\/v2\/pages\/26290\/"}],"collection":[{"href":"https:\/\/pracownia.audiosfery.uwr.edu.pl\/en\/wp-json\/wp\/v2\/pages\/"}],"about":[{"href":"https:\/\/pracownia.audiosfery.uwr.edu.pl\/en\/wp-json\/wp\/v2\/types\/page\/"}],"author":[{"embeddable":true,"href":"https:\/\/pracownia.audiosfery.uwr.edu.pl\/en\/wp-json\/wp\/v2\/users\/529\/"}],"replies":[{"embeddable":true,"href":"https:\/\/pracownia.audiosfery.uwr.edu.pl\/en\/wp-json\/wp\/v2\/comments\/?post=26290"}],"version-history":[{"count":3,"href":"https:\/\/pracownia.audiosfery.uwr.edu.pl\/en\/wp-json\/wp\/v2\/pages\/26290\/revisions\/"}],"predecessor-version":[{"id":26401,"href":"https:\/\/pracownia.audiosfery.uwr.edu.pl\/en\/wp-json\/wp\/v2\/pages\/26290\/revisions\/26401\/"}],"wp:attachment":[{"href":"https:\/\/pracownia.audiosfery.uwr.edu.pl\/en\/wp-json\/wp\/v2\/media\/?parent=26290"}],"wp:term":[{"taxonomy":"category","embeddable":true,"href":"https:\/\/pracownia.audiosfery.uwr.edu.pl\/en\/wp-json\/wp\/v2\/categories\/?post=26290"},{"taxonomy":"post_tag","embeddable":true,"href":"https:\/\/pracownia.audiosfery.uwr.edu.pl\/en\/wp-json\/wp\/v2\/tags\/?post=26290"}],"curies":[{"name":"wp","href":"https:\/\/api.w.org\/{rel}","templated":true}]}}