{"id":24292,"date":"2021-04-12T12:11:49","date_gmt":"2021-04-12T10:11:49","guid":{"rendered":"https:\/\/pracowniaaudiosfery.uwr.edu.pl\/strona-glowna2-2\/"},"modified":"2025-12-06T13:10:14","modified_gmt":"2025-12-06T12:10:14","slug":"homepage","status":"publish","type":"page","link":"https:\/\/pracownia.audiosfery.uwr.edu.pl\/en\/","title":{"rendered":"Home page"},"content":{"rendered":"\n<div class=\"bs_add_mobile_custom_menu\"><\/div>\n\n\n\n<div class=\"wp-block-columns bs-section-baner bs_add_contained_custom_menu is-layout-flex wp-block-columns-is-layout-flex\">\n<div class=\"wp-block-column bs-baner-first-column is-layout-flow wp-block-column-is-layout-flow\" style=\"flex-basis:60%\">\n<figure class=\"wp-block-image size-large\"><img loading=\"lazy\" decoding=\"async\" width=\"1024\" height=\"575\" src=\"https:\/\/pracownia.audiosfery.uwr.edu.pl\/wp-content\/uploads\/sites\/802\/2025\/12\/IMG_7087-1024x575.jpg\" alt=\"Pracownia Bada\u0144 Pejza\u017cu D\u017awi\u0119kowego\" class=\"wp-image-26500\" srcset=\"https:\/\/pracownia.audiosfery.uwr.edu.pl\/wp-content\/uploads\/sites\/802\/2025\/12\/IMG_7087-1024x575.jpg 1024w, https:\/\/pracownia.audiosfery.uwr.edu.pl\/wp-content\/uploads\/sites\/802\/2025\/12\/IMG_7087-300x168.jpg 300w, https:\/\/pracownia.audiosfery.uwr.edu.pl\/wp-content\/uploads\/sites\/802\/2025\/12\/IMG_7087-768x431.jpg 768w, https:\/\/pracownia.audiosfery.uwr.edu.pl\/wp-content\/uploads\/sites\/802\/2025\/12\/IMG_7087-1536x862.jpg 1536w, https:\/\/pracownia.audiosfery.uwr.edu.pl\/wp-content\/uploads\/sites\/802\/2025\/12\/IMG_7087-2048x1150.jpg 2048w, https:\/\/pracownia.audiosfery.uwr.edu.pl\/wp-content\/uploads\/sites\/802\/2025\/12\/IMG_7087-24x13.jpg 24w, https:\/\/pracownia.audiosfery.uwr.edu.pl\/wp-content\/uploads\/sites\/802\/2025\/12\/IMG_7087-36x20.jpg 36w, https:\/\/pracownia.audiosfery.uwr.edu.pl\/wp-content\/uploads\/sites\/802\/2025\/12\/IMG_7087-48x27.jpg 48w\" sizes=\"auto, (max-width: 1024px) 100vw, 1024px\" \/><\/figure>\n<\/div>\n\n\n\n<div class=\"wp-block-column is-layout-flow wp-block-column-is-layout-flow\" style=\"flex-basis:5%\"><\/div>\n\n\n\n<div class=\"wp-block-column bs-baner-second-column is-layout-flow wp-block-column-is-layout-flow\" style=\"flex-basis:40%\">\n<div style=\"height:100px\" aria-hidden=\"true\" class=\"wp-block-spacer\"><\/div>\n\n\n\n<h2 class=\"wp-block-heading\"><strong>The Soundscape Research Studio<\/strong><\/h2>\n\n\n\n<div class=\"wp-block-columns is-layout-flex wp-block-columns-is-layout-flex\">\n<div class=\"wp-block-column odstep-prawy is-layout-flow wp-block-column-is-layout-flow\">\n<p>The Studio\u2019s academic direction was inspired by R. Murray Schafer\u2019s soundscape research initiated in the 1960s as the World Soundscape Project. The work of Schafer and his colleagues influenced the details of the first research project conducted by the Studio \u2013 an interdisciplinary study on the soundscape of today\u2019s Wroc\u0142aw. However, the Studio never limited its activity to academic research, instead complementing it with educational, artistic, and editorial projects, as well as practical workshops.<\/p>\n<\/div>\n<\/div>\n\n\n\r\n<div class=\"bs_block__container\">\r\n    <a title=\"Find out more\" class=\"button2__link\" href=\"https:\/\/pracownia.audiosfery.uwr.edu.pl\/en\/idea\/\">\r\n        <div class=\"button2\">\r\n            <span class=\"c-button__arrow2\">\r\n                <svg class=\"c-arrow2\" width=\"40px\" height=\"40px\" alt=\"\" viewBox=\"0 0 22 16\" version=\"1.1\">\r\n                    <g class=\"c-arrow__g2\" stroke=\"none\" strokeWidth=\"1\" fill=\"none\" fillRule=\"evenodd\">\r\n                        <g class=\"c-arrow__g2\">\r\n                            <rect id=\"c-arrow__rect2\" x=\"0\" y=\"7\" width=\"20\" height=\"2\" transform=\"scale(0,1)\" \/>\r\n                            <polygon points=\"13.4875 0 12 1.6215 18.7875 8 12 14.3795 13.4875 16 21.9995 8\" \/>\r\n                        <\/g>\r\n                    <\/g>\r\n                <\/svg>\r\n            <\/span>\r\n            <span class=\"c-button__inner2\">Find out more<\/span>\r\n        <\/div>\r\n    <\/a>\r\n<\/div><\/div>\n<\/div>\n","protected":false},"excerpt":{"rendered":"<p>The Soundscape Research Studio The Studio\u2019s academic direction was inspired by R. Murray Schafer\u2019s soundscape research initiated in the 1960s as the World Soundscape Project. The work of Schafer and his colleagues influenced the details of the first research project conducted by the Studio \u2013 an interdisciplinary study on the soundscape of today\u2019s Wroc\u0142aw. However, [&hellip;]<\/p>\n","protected":false},"author":37,"featured_media":0,"parent":0,"menu_order":0,"comment_status":"closed","ping_status":"closed","template":"","meta":{"_acf_changed":false,"inline_featured_image":false,"site-sidebar-layout":"no-sidebar","site-content-layout":"page-builder","ast-site-content-layout":"full-width-container","site-content-style":"unboxed","site-sidebar-style":"unboxed","ast-global-header-display":"","ast-banner-title-visibility":"","ast-main-header-display":"","ast-hfb-above-header-display":"","ast-hfb-below-header-display":"","ast-hfb-mobile-header-display":"","site-post-title":"disabled","ast-breadcrumbs-content":"","ast-featured-img":"","footer-sml-layout":"","ast-disable-related-posts":"","theme-transparent-header-meta":"default","adv-header-id-meta":"","stick-header-meta":"","header-above-stick-meta":"","header-main-stick-meta":"","header-below-stick-meta":"","astra-migrate-meta-layouts":"set","ast-page-background-enabled":"default","ast-page-background-meta":{"desktop":{"background-color":"","background-image":"","background-repeat":"repeat","background-position":"center center","background-size":"auto","background-attachment":"scroll","background-type":"","background-media":"","overlay-type":"","overlay-color":"","overlay-opacity":"","overlay-gradient":""},"tablet":{"background-color":"","background-image":"","background-repeat":"repeat","background-position":"center center","background-size":"auto","background-attachment":"scroll","background-type":"","background-media":"","overlay-type":"","overlay-color":"","overlay-opacity":"","overlay-gradient":""},"mobile":{"background-color":"","background-image":"","background-repeat":"repeat","background-position":"center center","background-size":"auto","background-attachment":"scroll","background-type":"","background-media":"","overlay-type":"","overlay-color":"","overlay-opacity":"","overlay-gradient":""}},"ast-content-background-meta":{"desktop":{"background-color":"var(--ast-global-color-5)","background-image":"","background-repeat":"repeat","background-position":"center center","background-size":"auto","background-attachment":"scroll","background-type":"","background-media":"","overlay-type":"","overlay-color":"","overlay-opacity":"","overlay-gradient":""},"tablet":{"background-color":"var(--ast-global-color-5)","background-image":"","background-repeat":"repeat","background-position":"center center","background-size":"auto","background-attachment":"scroll","background-type":"","background-media":"","overlay-type":"","overlay-color":"","overlay-opacity":"","overlay-gradient":""},"mobile":{"background-color":"var(--ast-global-color-5)","background-image":"","background-repeat":"repeat","background-position":"center center","background-size":"auto","background-attachment":"scroll","background-type":"","background-media":"","overlay-type":"","overlay-color":"","overlay-opacity":"","overlay-gradient":""}},"footnotes":""},"categories":[],"tags":[],"class_list":["post-24292","page","type-page","status-publish","hentry"],"featured_image_urls_v2":{"full":"","thumbnail":"","medium":"","medium_large":"","large":"","1536x1536":"","2048x2048":"","menu-24x24":"","menu-36x36":"","menu-48x48":""},"post_excerpt_stackable_v2":"<p>The Soundscape Research Studio The Studio\u2019s academic direction was inspired by R. Murray Schafer\u2019s soundscape research initiated in the 1960s as the World Soundscape Project. The work of Schafer and his colleagues influenced the details of the first research project conducted by the Studio \u2013 an interdisciplinary study on the soundscape of today\u2019s Wroc\u0142aw. However, the Studio never limited its activity to academic research, instead complementing it with educational, artistic, and editorial projects, as well as practical workshops. Find out more<\/p>\n","category_list_v2":"Uncategorized","author_info_v2":{"name":"Izabela Jaraszek","url":"https:\/\/pracownia.audiosfery.uwr.edu.pl\/en\/author\/ijaraszek\/"},"comments_num_v2":"0 comments","acf":[],"yoast_head":"<!-- This site is optimized with the Yoast SEO plugin v27.1.1 - https:\/\/yoast.com\/product\/yoast-seo-wordpress\/ -->\n<title>Home page - Pracownia Bada\u0144 Pejza\u017cu D\u017awi\u0119kowego<\/title>\n<meta name=\"robots\" content=\"index, follow, max-snippet:-1, max-image-preview:large, max-video-preview:-1\" \/>\n<link rel=\"canonical\" href=\"https:\/\/pracownia.audiosfery.uwr.edu.pl\/en\/\" \/>\n<meta property=\"og:locale\" content=\"en_US\" \/>\n<meta property=\"og:type\" content=\"article\" \/>\n<meta property=\"og:title\" content=\"Home page - Pracownia Bada\u0144 Pejza\u017cu D\u017awi\u0119kowego\" \/>\n<meta property=\"og:description\" content=\"The Soundscape Research Studio The Studio\u2019s academic direction was inspired by R. Murray Schafer\u2019s soundscape research initiated in the 1960s as the World Soundscape Project. The work of Schafer and his colleagues influenced the details of the first research project conducted by the Studio \u2013 an interdisciplinary study on the soundscape of today\u2019s Wroc\u0142aw. However, [&hellip;]\" \/>\n<meta property=\"og:url\" content=\"https:\/\/pracownia.audiosfery.uwr.edu.pl\/en\/\" \/>\n<meta property=\"og:site_name\" content=\"Pracownia Bada\u0144 Pejza\u017cu D\u017awi\u0119kowego\" \/>\n<meta property=\"article:modified_time\" content=\"2025-12-06T12:10:14+00:00\" \/>\n<meta property=\"og:image\" content=\"https:\/\/pracownia.audiosfery.uwr.edu.pl\/wp-content\/uploads\/sites\/802\/2025\/12\/IMG_7087-scaled.jpg\" \/>\n\t<meta property=\"og:image:width\" content=\"2560\" \/>\n\t<meta property=\"og:image:height\" content=\"1437\" \/>\n\t<meta property=\"og:image:type\" content=\"image\/jpeg\" \/>\n<meta name=\"twitter:card\" content=\"summary_large_image\" \/>\n<meta name=\"twitter:label1\" content=\"Est. reading time\" \/>\n\t<meta name=\"twitter:data1\" content=\"1 minute\" \/>\n<script type=\"application\/ld+json\" class=\"yoast-schema-graph\">{\"@context\":\"https:\/\/schema.org\",\"@graph\":[{\"@type\":\"WebPage\",\"@id\":\"https:\/\/pracownia.audiosfery.uwr.edu.pl\/en\/\",\"url\":\"https:\/\/pracownia.audiosfery.uwr.edu.pl\/en\/\",\"name\":\"Home page - Pracownia Bada\u0144 Pejza\u017cu D\u017awi\u0119kowego\",\"isPartOf\":{\"@id\":\"https:\/\/pracownia.audiosfery.uwr.edu.pl\/#website\"},\"primaryImageOfPage\":{\"@id\":\"https:\/\/pracownia.audiosfery.uwr.edu.pl\/en\/#primaryimage\"},\"image\":{\"@id\":\"https:\/\/pracownia.audiosfery.uwr.edu.pl\/en\/#primaryimage\"},\"thumbnailUrl\":\"https:\/\/pracownia.audiosfery.uwr.edu.pl\/wp-content\/uploads\/sites\/802\/2025\/12\/IMG_7087-1024x575.jpg\",\"datePublished\":\"2021-04-12T10:11:49+00:00\",\"dateModified\":\"2025-12-06T12:10:14+00:00\",\"breadcrumb\":{\"@id\":\"https:\/\/pracownia.audiosfery.uwr.edu.pl\/en\/#breadcrumb\"},\"inLanguage\":\"en-US\",\"potentialAction\":[{\"@type\":\"ReadAction\",\"target\":[\"https:\/\/pracownia.audiosfery.uwr.edu.pl\/en\/\"]}]},{\"@type\":\"ImageObject\",\"inLanguage\":\"en-US\",\"@id\":\"https:\/\/pracownia.audiosfery.uwr.edu.pl\/en\/#primaryimage\",\"url\":\"https:\/\/pracownia.audiosfery.uwr.edu.pl\/wp-content\/uploads\/sites\/802\/2025\/12\/IMG_7087-1024x575.jpg\",\"contentUrl\":\"https:\/\/pracownia.audiosfery.uwr.edu.pl\/wp-content\/uploads\/sites\/802\/2025\/12\/IMG_7087-1024x575.jpg\"},{\"@type\":\"BreadcrumbList\",\"@id\":\"https:\/\/pracownia.audiosfery.uwr.edu.pl\/en\/#breadcrumb\",\"itemListElement\":[{\"@type\":\"ListItem\",\"position\":1,\"name\":\"Strona g\u0142\u00f3wna\",\"item\":\"https:\/\/pracownia.audiosfery.uwr.edu.pl\/en\/\"},{\"@type\":\"ListItem\",\"position\":2,\"name\":\"Home page\"}]},{\"@type\":\"WebSite\",\"@id\":\"https:\/\/pracownia.audiosfery.uwr.edu.pl\/#website\",\"url\":\"https:\/\/pracownia.audiosfery.uwr.edu.pl\/\",\"name\":\"Pracownia Bada\u0144 Pejza\u017cu D\u017awi\u0119kowego\",\"description\":\"Kolejna witryna sieci \u201eUWR Witryny\u201d\",\"publisher\":{\"@id\":\"https:\/\/pracownia.audiosfery.uwr.edu.pl\/#organization\"},\"potentialAction\":[{\"@type\":\"SearchAction\",\"target\":{\"@type\":\"EntryPoint\",\"urlTemplate\":\"https:\/\/pracownia.audiosfery.uwr.edu.pl\/?s={search_term_string}\"},\"query-input\":{\"@type\":\"PropertyValueSpecification\",\"valueRequired\":true,\"valueName\":\"search_term_string\"}}],\"inLanguage\":\"en-US\"},{\"@type\":\"Organization\",\"@id\":\"https:\/\/pracownia.audiosfery.uwr.edu.pl\/#organization\",\"name\":\"Pracownia Bada\u0144 Pejza\u017cu D\u017awi\u0119kowego\",\"url\":\"https:\/\/pracownia.audiosfery.uwr.edu.pl\/\",\"logo\":{\"@type\":\"ImageObject\",\"inLanguage\":\"en-US\",\"@id\":\"https:\/\/pracownia.audiosfery.uwr.edu.pl\/#\/schema\/logo\/image\/\",\"url\":\"https:\/\/pracownia.audiosfery.uwr.edu.pl\/wp-content\/uploads\/sites\/802\/2025\/10\/UWr-logotyp-2025.png\",\"contentUrl\":\"https:\/\/pracownia.audiosfery.uwr.edu.pl\/wp-content\/uploads\/sites\/802\/2025\/10\/UWr-logotyp-2025.png\",\"width\":764,\"height\":269,\"caption\":\"Pracownia Bada\u0144 Pejza\u017cu D\u017awi\u0119kowego\"},\"image\":{\"@id\":\"https:\/\/pracownia.audiosfery.uwr.edu.pl\/#\/schema\/logo\/image\/\"}}]}<\/script>\n<!-- \/ Yoast SEO plugin. -->","yoast_head_json":{"title":"Home page - Pracownia Bada\u0144 Pejza\u017cu D\u017awi\u0119kowego","robots":{"index":"index","follow":"follow","max-snippet":"max-snippet:-1","max-image-preview":"max-image-preview:large","max-video-preview":"max-video-preview:-1"},"canonical":"https:\/\/pracownia.audiosfery.uwr.edu.pl\/en\/","og_locale":"en_US","og_type":"article","og_title":"Home page - Pracownia Bada\u0144 Pejza\u017cu D\u017awi\u0119kowego","og_description":"The Soundscape Research Studio The Studio\u2019s academic direction was inspired by R. Murray Schafer\u2019s soundscape research initiated in the 1960s as the World Soundscape Project. The work of Schafer and his colleagues influenced the details of the first research project conducted by the Studio \u2013 an interdisciplinary study on the soundscape of today\u2019s Wroc\u0142aw. However, [&hellip;]","og_url":"https:\/\/pracownia.audiosfery.uwr.edu.pl\/en\/","og_site_name":"Pracownia Bada\u0144 Pejza\u017cu D\u017awi\u0119kowego","article_modified_time":"2025-12-06T12:10:14+00:00","og_image":[{"width":2560,"height":1437,"url":"https:\/\/pracownia.audiosfery.uwr.edu.pl\/wp-content\/uploads\/sites\/802\/2025\/12\/IMG_7087-scaled.jpg","type":"image\/jpeg"}],"twitter_card":"summary_large_image","twitter_misc":{"Est. reading time":"1 minute"},"schema":{"@context":"https:\/\/schema.org","@graph":[{"@type":"WebPage","@id":"https:\/\/pracownia.audiosfery.uwr.edu.pl\/en\/","url":"https:\/\/pracownia.audiosfery.uwr.edu.pl\/en\/","name":"Home page - Pracownia Bada\u0144 Pejza\u017cu D\u017awi\u0119kowego","isPartOf":{"@id":"https:\/\/pracownia.audiosfery.uwr.edu.pl\/#website"},"primaryImageOfPage":{"@id":"https:\/\/pracownia.audiosfery.uwr.edu.pl\/en\/#primaryimage"},"image":{"@id":"https:\/\/pracownia.audiosfery.uwr.edu.pl\/en\/#primaryimage"},"thumbnailUrl":"https:\/\/pracownia.audiosfery.uwr.edu.pl\/wp-content\/uploads\/sites\/802\/2025\/12\/IMG_7087-1024x575.jpg","datePublished":"2021-04-12T10:11:49+00:00","dateModified":"2025-12-06T12:10:14+00:00","breadcrumb":{"@id":"https:\/\/pracownia.audiosfery.uwr.edu.pl\/en\/#breadcrumb"},"inLanguage":"en-US","potentialAction":[{"@type":"ReadAction","target":["https:\/\/pracownia.audiosfery.uwr.edu.pl\/en\/"]}]},{"@type":"ImageObject","inLanguage":"en-US","@id":"https:\/\/pracownia.audiosfery.uwr.edu.pl\/en\/#primaryimage","url":"https:\/\/pracownia.audiosfery.uwr.edu.pl\/wp-content\/uploads\/sites\/802\/2025\/12\/IMG_7087-1024x575.jpg","contentUrl":"https:\/\/pracownia.audiosfery.uwr.edu.pl\/wp-content\/uploads\/sites\/802\/2025\/12\/IMG_7087-1024x575.jpg"},{"@type":"BreadcrumbList","@id":"https:\/\/pracownia.audiosfery.uwr.edu.pl\/en\/#breadcrumb","itemListElement":[{"@type":"ListItem","position":1,"name":"Strona g\u0142\u00f3wna","item":"https:\/\/pracownia.audiosfery.uwr.edu.pl\/en\/"},{"@type":"ListItem","position":2,"name":"Home page"}]},{"@type":"WebSite","@id":"https:\/\/pracownia.audiosfery.uwr.edu.pl\/#website","url":"https:\/\/pracownia.audiosfery.uwr.edu.pl\/","name":"Pracownia Bada\u0144 Pejza\u017cu D\u017awi\u0119kowego","description":"Kolejna witryna sieci \u201eUWR Witryny\u201d","publisher":{"@id":"https:\/\/pracownia.audiosfery.uwr.edu.pl\/#organization"},"potentialAction":[{"@type":"SearchAction","target":{"@type":"EntryPoint","urlTemplate":"https:\/\/pracownia.audiosfery.uwr.edu.pl\/?s={search_term_string}"},"query-input":{"@type":"PropertyValueSpecification","valueRequired":true,"valueName":"search_term_string"}}],"inLanguage":"en-US"},{"@type":"Organization","@id":"https:\/\/pracownia.audiosfery.uwr.edu.pl\/#organization","name":"Pracownia Bada\u0144 Pejza\u017cu D\u017awi\u0119kowego","url":"https:\/\/pracownia.audiosfery.uwr.edu.pl\/","logo":{"@type":"ImageObject","inLanguage":"en-US","@id":"https:\/\/pracownia.audiosfery.uwr.edu.pl\/#\/schema\/logo\/image\/","url":"https:\/\/pracownia.audiosfery.uwr.edu.pl\/wp-content\/uploads\/sites\/802\/2025\/10\/UWr-logotyp-2025.png","contentUrl":"https:\/\/pracownia.audiosfery.uwr.edu.pl\/wp-content\/uploads\/sites\/802\/2025\/10\/UWr-logotyp-2025.png","width":764,"height":269,"caption":"Pracownia Bada\u0144 Pejza\u017cu D\u017awi\u0119kowego"},"image":{"@id":"https:\/\/pracownia.audiosfery.uwr.edu.pl\/#\/schema\/logo\/image\/"}}]}},"publishpress_future_action":{"enabled":false,"date":"2026-04-20 02:42:21","action":"change-status","newStatus":"draft","terms":[],"taxonomy":"category","extraData":[]},"publishpress_future_workflow_manual_trigger":{"enabledWorkflows":[]},"_links":{"self":[{"href":"https:\/\/pracownia.audiosfery.uwr.edu.pl\/en\/wp-json\/wp\/v2\/pages\/24292\/"}],"collection":[{"href":"https:\/\/pracownia.audiosfery.uwr.edu.pl\/en\/wp-json\/wp\/v2\/pages\/"}],"about":[{"href":"https:\/\/pracownia.audiosfery.uwr.edu.pl\/en\/wp-json\/wp\/v2\/types\/page\/"}],"author":[{"embeddable":true,"href":"https:\/\/pracownia.audiosfery.uwr.edu.pl\/en\/wp-json\/wp\/v2\/users\/37\/"}],"replies":[{"embeddable":true,"href":"https:\/\/pracownia.audiosfery.uwr.edu.pl\/en\/wp-json\/wp\/v2\/comments\/?post=24292"}],"version-history":[{"count":6,"href":"https:\/\/pracownia.audiosfery.uwr.edu.pl\/en\/wp-json\/wp\/v2\/pages\/24292\/revisions\/"}],"predecessor-version":[{"id":26680,"href":"https:\/\/pracownia.audiosfery.uwr.edu.pl\/en\/wp-json\/wp\/v2\/pages\/24292\/revisions\/26680\/"}],"wp:attachment":[{"href":"https:\/\/pracownia.audiosfery.uwr.edu.pl\/en\/wp-json\/wp\/v2\/media\/?parent=24292"}],"wp:term":[{"taxonomy":"category","embeddable":true,"href":"https:\/\/pracownia.audiosfery.uwr.edu.pl\/en\/wp-json\/wp\/v2\/categories\/?post=24292"},{"taxonomy":"post_tag","embeddable":true,"href":"https:\/\/pracownia.audiosfery.uwr.edu.pl\/en\/wp-json\/wp\/v2\/tags\/?post=24292"}],"curies":[{"name":"wp","href":"https:\/\/api.w.org\/{rel}","templated":true}]}}